{"id":122,"date":"2025-11-23T22:15:09","date_gmt":"2025-11-23T21:15:09","guid":{"rendered":"https:\/\/madame-davechi.com\/?page_id=122"},"modified":"2025-12-17T20:26:59","modified_gmt":"2025-12-17T19:26:59","slug":"projets-artistiques-haute-couture","status":"publish","type":"page","link":"https:\/\/madame-davechi.com\/index.php\/projets-artistiques-haute-couture\/","title":{"rendered":"Projets artistiques &amp; Haute Couture"},"content":{"rendered":"\t\t<div data-elementor-type=\"wp-page\" data-elementor-id=\"122\" class=\"elementor elementor-122\">\n\t\t\t\t<div class=\"elementor-element elementor-element-b5361be e-flex e-con-boxed e-con e-parent\" data-id=\"b5361be\" data-element_type=\"container\">\n\t\t\t\t\t<div class=\"e-con-inner\">\n\t\t\t\t<div class=\"elementor-element elementor-element-5ab1f06 elementor-widget elementor-widget-heading\" data-id=\"5ab1f06\" data-element_type=\"widget\" data-widget_type=\"heading.default\">\n\t\t\t\t<div class=\"elementor-widget-container\">\n\t\t\t\t\t<h2 class=\"elementor-heading-title elementor-size-default\">Projets artistiques &amp; haute couture\nDes cr\u00e9ations o\u00f9 la mode devient r\u00e9cit \u2014 des pi\u00e8ces uniques n\u00e9es entre mythe, m\u00e9moire et corps.<\/h2>\t\t\t\t<\/div>\n\t\t\t\t<\/div>\n\t\t\t\t\t<\/div>\n\t\t\t\t<\/div>\n\t\t<div class=\"elementor-element elementor-element-59b26d5 e-flex e-con-boxed e-con e-parent\" data-id=\"59b26d5\" data-element_type=\"container\">\n\t\t\t\t\t<div class=\"e-con-inner\">\n\t\t<div class=\"elementor-element elementor-element-1ee0f7a e-con-full e-flex e-con e-child\" data-id=\"1ee0f7a\" data-element_type=\"container\">\n\t\t\t\t<div class=\"elementor-element elementor-element-9216ae1 elementor-widget elementor-widget-image\" data-id=\"9216ae1\" data-element_type=\"widget\" data-widget_type=\"image.default\">\n\t\t\t\t<div class=\"elementor-widget-container\">\n\t\t\t\t\t\t\t\t\t\t\t\t\t\t\t<img fetchpriority=\"high\" decoding=\"async\" width=\"683\" height=\"1024\" src=\"https:\/\/madame-davechi.com\/wp-content\/uploads\/2025\/11\/EF82AEA3-74E2-49D0-BA0C-C5EB99E3E626-683x1024.png\" class=\"attachment-large size-large wp-image-94\" alt=\"\" srcset=\"https:\/\/madame-davechi.com\/wp-content\/uploads\/2025\/11\/EF82AEA3-74E2-49D0-BA0C-C5EB99E3E626-683x1024.png 683w, https:\/\/madame-davechi.com\/wp-content\/uploads\/2025\/11\/EF82AEA3-74E2-49D0-BA0C-C5EB99E3E626-200x300.png 200w, https:\/\/madame-davechi.com\/wp-content\/uploads\/2025\/11\/EF82AEA3-74E2-49D0-BA0C-C5EB99E3E626-768x1152.png 768w, https:\/\/madame-davechi.com\/wp-content\/uploads\/2025\/11\/EF82AEA3-74E2-49D0-BA0C-C5EB99E3E626.png 1024w\" sizes=\"(max-width: 683px) 100vw, 683px\" \/>\t\t\t\t\t\t\t\t\t\t\t\t\t\t\t<\/div>\n\t\t\t\t<\/div>\n\t\t\t\t<\/div>\n\t\t<div class=\"elementor-element elementor-element-1edb930 e-con-full e-flex e-con e-child\" data-id=\"1edb930\" data-element_type=\"container\">\n\t\t\t\t<div class=\"elementor-element elementor-element-7de3112 elementor-widget elementor-widget-heading\" data-id=\"7de3112\" data-element_type=\"widget\" data-widget_type=\"heading.default\">\n\t\t\t\t<div class=\"elementor-widget-container\">\n\t\t\t\t\t<h2 class=\"elementor-heading-title elementor-size-default\"><p dir=\"rtl\" class=\"p1\" style=\"margin-bottom: 0px;font-style: normal;font-size: medium;line-height: normal;text-align: start;white-space: normal\"><span class=\"s1\" style=\"font-family: UICTFontTextStyleEmphasizedBody;font-size: 16px\">Sept Beaut\u00e9s \u2014 Projet en cours<\/span><\/p><p style=\"margin-bottom: 12px;font-style: normal;font-size: 12px;line-height: normal\"><span class=\"s1\" style=\"font-size: 16px;font-weight: inherit;text-align: start;white-space: normal;font-family: UICTFontTextStyleEmphasizedBody\">\u00ab Une collection haute couture inspir\u00e9e du po\u00e8me&nbsp;<\/span><span class=\"s2\" style=\"font-size: 16px;font-weight: inherit;text-align: start;white-space: normal;font-family: UICTFontTextStyleEmphasizedItalicBody;font-style: italic\">Haft Peykar<\/span><span class=\"s1\" style=\"font-size: 16px;font-weight: inherit;text-align: start;white-space: normal;font-family: UICTFontTextStyleEmphasizedBody\">&nbsp;de Nezami, o\u00f9 chaque tenue incarne une plan\u00e8te, une couleur, une femme et un&nbsp;<\/span><span style=\"font-family: UICTFontTextStyleEmphasizedBody;font-size: 16px;font-weight: inherit;white-space: normal;letter-spacing: 0.3px\">parcours initiatique. \u00bb<\/span><\/p><p style=\"margin-bottom: 12px;font-style: normal;font-size: 12px;line-height: normal\"><span style=\", sans-serif;font-size: 1.875rem;font-style: inherit;font-weight: inherit\"><\/span><\/p><\/h2>\t\t\t\t<\/div>\n\t\t\t\t<\/div>\n\t\t\t\t<\/div>\n\t\t\t\t\t<\/div>\n\t\t\t\t<\/div>\n\t\t<div class=\"elementor-element elementor-element-eb104b0 e-flex e-con-boxed e-con e-parent\" data-id=\"eb104b0\" data-element_type=\"container\">\n\t\t\t\t\t<div class=\"e-con-inner\">\n\t\t<div class=\"elementor-element elementor-element-b0cc600 e-con-full e-flex e-con e-child\" data-id=\"b0cc600\" data-element_type=\"container\">\n\t\t\t\t<div class=\"elementor-element elementor-element-e55a176 elementor-widget elementor-widget-image\" data-id=\"e55a176\" data-element_type=\"widget\" data-widget_type=\"image.default\">\n\t\t\t\t<div class=\"elementor-widget-container\">\n\t\t\t\t\t\t\t\t\t\t\t\t\t\t\t<img decoding=\"async\" width=\"768\" height=\"1024\" src=\"https:\/\/madame-davechi.com\/wp-content\/uploads\/2025\/11\/IMG_5576-768x1024.jpeg\" class=\"attachment-large size-large wp-image-142\" alt=\"\" srcset=\"https:\/\/madame-davechi.com\/wp-content\/uploads\/2025\/11\/IMG_5576-768x1024.jpeg 768w, https:\/\/madame-davechi.com\/wp-content\/uploads\/2025\/11\/IMG_5576-225x300.jpeg 225w, https:\/\/madame-davechi.com\/wp-content\/uploads\/2025\/11\/IMG_5576-1152x1536.jpeg 1152w, https:\/\/madame-davechi.com\/wp-content\/uploads\/2025\/11\/IMG_5576-1536x2048.jpeg 1536w, https:\/\/madame-davechi.com\/wp-content\/uploads\/2025\/11\/IMG_5576-scaled.jpeg 1920w\" sizes=\"(max-width: 768px) 100vw, 768px\" \/>\t\t\t\t\t\t\t\t\t\t\t\t\t\t\t<\/div>\n\t\t\t\t<\/div>\n\t\t\t\t<\/div>\n\t\t<div class=\"elementor-element elementor-element-662d3fc e-con-full e-flex e-con e-child\" data-id=\"662d3fc\" data-element_type=\"container\">\n\t\t\t\t<div class=\"elementor-element elementor-element-dcba81c elementor-widget elementor-widget-image\" data-id=\"dcba81c\" data-element_type=\"widget\" data-widget_type=\"image.default\">\n\t\t\t\t<div class=\"elementor-widget-container\">\n\t\t\t\t\t\t\t\t\t\t\t\t\t\t\t<img decoding=\"async\" width=\"768\" height=\"1024\" src=\"https:\/\/madame-davechi.com\/wp-content\/uploads\/2025\/11\/FA961FE3-FF04-4B29-95B5-131F0BEB7384-768x1024.jpeg\" class=\"attachment-large size-large wp-image-63\" alt=\"\" srcset=\"https:\/\/madame-davechi.com\/wp-content\/uploads\/2025\/11\/FA961FE3-FF04-4B29-95B5-131F0BEB7384-768x1024.jpeg 768w, https:\/\/madame-davechi.com\/wp-content\/uploads\/2025\/11\/FA961FE3-FF04-4B29-95B5-131F0BEB7384-225x300.jpeg 225w, https:\/\/madame-davechi.com\/wp-content\/uploads\/2025\/11\/FA961FE3-FF04-4B29-95B5-131F0BEB7384-1152x1536.jpeg 1152w, https:\/\/madame-davechi.com\/wp-content\/uploads\/2025\/11\/FA961FE3-FF04-4B29-95B5-131F0BEB7384-1536x2048.jpeg 1536w, https:\/\/madame-davechi.com\/wp-content\/uploads\/2025\/11\/FA961FE3-FF04-4B29-95B5-131F0BEB7384-scaled.jpeg 1920w\" sizes=\"(max-width: 768px) 100vw, 768px\" \/>\t\t\t\t\t\t\t\t\t\t\t\t\t\t\t<\/div>\n\t\t\t\t<\/div>\n\t\t\t\t<\/div>\n\t\t<div class=\"elementor-element elementor-element-53b981e e-con-full e-flex e-con e-child\" data-id=\"53b981e\" data-element_type=\"container\">\n\t\t\t\t<div class=\"elementor-element elementor-element-597e8cd elementor-widget elementor-widget-image\" data-id=\"597e8cd\" data-element_type=\"widget\" data-widget_type=\"image.default\">\n\t\t\t\t<div class=\"elementor-widget-container\">\n\t\t\t\t\t\t\t\t\t\t\t\t\t\t\t<img loading=\"lazy\" decoding=\"async\" width=\"768\" height=\"1024\" src=\"https:\/\/madame-davechi.com\/wp-content\/uploads\/2025\/11\/IMG_C28E5194-BA94-45E5-B4A0-EB3A62E92326-768x1024.jpeg\" class=\"attachment-large size-large wp-image-143\" alt=\"\" srcset=\"https:\/\/madame-davechi.com\/wp-content\/uploads\/2025\/11\/IMG_C28E5194-BA94-45E5-B4A0-EB3A62E92326-768x1024.jpeg 768w, https:\/\/madame-davechi.com\/wp-content\/uploads\/2025\/11\/IMG_C28E5194-BA94-45E5-B4A0-EB3A62E92326-225x300.jpeg 225w, https:\/\/madame-davechi.com\/wp-content\/uploads\/2025\/11\/IMG_C28E5194-BA94-45E5-B4A0-EB3A62E92326-1152x1536.jpeg 1152w, https:\/\/madame-davechi.com\/wp-content\/uploads\/2025\/11\/IMG_C28E5194-BA94-45E5-B4A0-EB3A62E92326-1536x2048.jpeg 1536w, https:\/\/madame-davechi.com\/wp-content\/uploads\/2025\/11\/IMG_C28E5194-BA94-45E5-B4A0-EB3A62E92326-scaled.jpeg 1920w\" sizes=\"(max-width: 768px) 100vw, 768px\" \/>\t\t\t\t\t\t\t\t\t\t\t\t\t\t\t<\/div>\n\t\t\t\t<\/div>\n\t\t\t\t<\/div>\n\t\t<div class=\"elementor-element elementor-element-6f4bc18 e-con-full e-flex e-con e-child\" data-id=\"6f4bc18\" data-element_type=\"container\">\n\t\t\t\t<div class=\"elementor-element elementor-element-187f4f0 elementor-widget elementor-widget-image\" data-id=\"187f4f0\" data-element_type=\"widget\" data-widget_type=\"image.default\">\n\t\t\t\t<div class=\"elementor-widget-container\">\n\t\t\t\t\t\t\t\t\t\t\t\t\t\t\t<img loading=\"lazy\" decoding=\"async\" width=\"683\" height=\"1024\" src=\"https:\/\/madame-davechi.com\/wp-content\/uploads\/2025\/11\/73ABF433-17D5-43FE-B70D-92A8AA02BD0E-683x1024.png\" class=\"attachment-large size-large wp-image-75\" alt=\"\" srcset=\"https:\/\/madame-davechi.com\/wp-content\/uploads\/2025\/11\/73ABF433-17D5-43FE-B70D-92A8AA02BD0E-683x1024.png 683w, https:\/\/madame-davechi.com\/wp-content\/uploads\/2025\/11\/73ABF433-17D5-43FE-B70D-92A8AA02BD0E-200x300.png 200w, https:\/\/madame-davechi.com\/wp-content\/uploads\/2025\/11\/73ABF433-17D5-43FE-B70D-92A8AA02BD0E-768x1152.png 768w, https:\/\/madame-davechi.com\/wp-content\/uploads\/2025\/11\/73ABF433-17D5-43FE-B70D-92A8AA02BD0E.png 1024w\" sizes=\"(max-width: 683px) 100vw, 683px\" \/>\t\t\t\t\t\t\t\t\t\t\t\t\t\t\t<\/div>\n\t\t\t\t<\/div>\n\t\t\t\t<\/div>\n\t\t\t\t\t<\/div>\n\t\t\t\t<\/div>\n\t\t<div class=\"elementor-element elementor-element-bb95a0c e-flex e-con-boxed e-con e-parent\" data-id=\"bb95a0c\" data-element_type=\"container\">\n\t\t\t\t\t<div class=\"e-con-inner\">\n\t\t<div class=\"elementor-element elementor-element-245d7dc e-con-full e-flex e-con e-child\" data-id=\"245d7dc\" data-element_type=\"container\">\n\t\t\t\t<div class=\"elementor-element elementor-element-cd5582b elementor-widget elementor-widget-image\" data-id=\"cd5582b\" data-element_type=\"widget\" data-widget_type=\"image.default\">\n\t\t\t\t<div class=\"elementor-widget-container\">\n\t\t\t\t\t\t\t\t\t\t\t\t\t\t\t<img loading=\"lazy\" decoding=\"async\" width=\"683\" height=\"1024\" src=\"https:\/\/madame-davechi.com\/wp-content\/uploads\/2025\/11\/E5D30F8A-BF8D-4863-9593-A987B1585A75-683x1024.png\" class=\"attachment-large size-large wp-image-131\" alt=\"\" srcset=\"https:\/\/madame-davechi.com\/wp-content\/uploads\/2025\/11\/E5D30F8A-BF8D-4863-9593-A987B1585A75-683x1024.png 683w, https:\/\/madame-davechi.com\/wp-content\/uploads\/2025\/11\/E5D30F8A-BF8D-4863-9593-A987B1585A75-200x300.png 200w, https:\/\/madame-davechi.com\/wp-content\/uploads\/2025\/11\/E5D30F8A-BF8D-4863-9593-A987B1585A75-768x1152.png 768w, https:\/\/madame-davechi.com\/wp-content\/uploads\/2025\/11\/E5D30F8A-BF8D-4863-9593-A987B1585A75.png 1024w\" sizes=\"(max-width: 683px) 100vw, 683px\" \/>\t\t\t\t\t\t\t\t\t\t\t\t\t\t\t<\/div>\n\t\t\t\t<\/div>\n\t\t\t\t<\/div>\n\t\t<div class=\"elementor-element elementor-element-842fa57 e-con-full e-flex e-con e-child\" data-id=\"842fa57\" data-element_type=\"container\">\n\t\t\t\t<div class=\"elementor-element elementor-element-ce003e7 elementor-widget elementor-widget-heading\" data-id=\"ce003e7\" data-element_type=\"widget\" data-widget_type=\"heading.default\">\n\t\t\t\t<div class=\"elementor-widget-container\">\n\t\t\t\t\t<h2 class=\"elementor-heading-title elementor-size-default\"><span style=\"font-family: UICTFontTextStyleEmphasizedBody;font-size: 16px;font-weight: inherit;white-space: normal;text-align: var(--text-align)\">&nbsp;une cr\u00e9ation<\/span><span style=\"font-family: UICTFontTextStyleEmphasizedBody;font-size: 16px;font-weight: inherit;white-space: normal;text-align: var(--text-align)\">&nbsp;en denim de seconde main \u2014 un masque comme miroir social, o\u00f9 se croisent m\u00e9moire, consommation et identit\u00e9.<\/span><br><span style=\"font-family: UICTFontTextStyleEmphasizedBody;font-size: 16px;font-weight: inherit;white-space: normal;text-align: var(--text-align)\">Le jean, porteur de vies pass\u00e9es, devient ici un symbole : entre v\u00e9rit\u00e9, dissimulation et nos contradictions humaines.<\/span><\/h2>\t\t\t\t<\/div>\n\t\t\t\t<\/div>\n\t\t\t\t<\/div>\n\t\t\t\t\t<\/div>\n\t\t\t\t<\/div>\n\t\t\t\t<\/div>\n\t\t","protected":false},"excerpt":{"rendered":"<p>Projets artistiques &amp; haute couture Des cr\u00e9ations o\u00f9 la mode devient r\u00e9cit \u2014 des pi\u00e8ces uniques n\u00e9es entre mythe, m\u00e9moire [&hellip;]<\/p>\n","protected":false},"author":1,"featured_media":0,"parent":0,"menu_order":0,"comment_status":"closed","ping_status":"closed","template":"","meta":{"site-sidebar-layout":"no-sidebar","site-content-layout":"","ast-site-content-layout":"full-width-container","site-content-style":"default","site-sidebar-style":"default","ast-global-header-display":"","ast-banner-title-visibility":"","ast-main-header-display":"","ast-hfb-above-header-display":"","ast-hfb-below-header-display":"","ast-hfb-mobile-header-display":"","site-post-title":"","ast-breadcrumbs-content":"","ast-featured-img":"disabled","footer-sml-layout":"","theme-transparent-header-meta":"","adv-header-id-meta":"","stick-header-meta":"","header-above-stick-meta":"","header-main-stick-meta":"","header-below-stick-meta":"","astra-migrate-meta-layouts":"default","ast-page-background-enabled":"default","ast-page-background-meta":{"desktop":{"background-color":"var(--ast-global-color-5)","background-image":"","background-repeat":"repeat","background-position":"center center","background-size":"auto","background-attachment":"scroll","background-type":"","background-media":"","overlay-type":"","overlay-color":"","overlay-opacity":"","overlay-gradient":""},"tablet":{"background-color":"","background-image":"","background-repeat":"repeat","background-position":"center center","background-size":"auto","background-attachment":"scroll","background-type":"","background-media":"","overlay-type":"","overlay-color":"","overlay-opacity":"","overlay-gradient":""},"mobile":{"background-color":"","background-image":"","background-repeat":"repeat","background-position":"center center","background-size":"auto","background-attachment":"scroll","background-type":"","background-media":"","overlay-type":"","overlay-color":"","overlay-opacity":"","overlay-gradient":""}},"ast-content-background-meta":{"desktop":{"background-color":"var(--ast-global-color-4)","background-image":"","background-repeat":"repeat","background-position":"center center","background-size":"auto","background-attachment":"scroll","background-type":"","background-media":"","overlay-type":"","overlay-color":"","overlay-opacity":"","overlay-gradient":""},"tablet":{"background-color":"var(--ast-global-color-4)","background-image":"","background-repeat":"repeat","background-position":"center center","background-size":"auto","background-attachment":"scroll","background-type":"","background-media":"","overlay-type":"","overlay-color":"","overlay-opacity":"","overlay-gradient":""},"mobile":{"background-color":"var(--ast-global-color-4)","background-image":"","background-repeat":"repeat","background-position":"center center","background-size":"auto","background-attachment":"scroll","background-type":"","background-media":"","overlay-type":"","overlay-color":"","overlay-opacity":"","overlay-gradient":""}},"footnotes":""},"class_list":["post-122","page","type-page","status-publish","hentry"],"_links":{"self":[{"href":"https:\/\/madame-davechi.com\/index.php\/wp-json\/wp\/v2\/pages\/122","targetHints":{"allow":["GET"]}}],"collection":[{"href":"https:\/\/madame-davechi.com\/index.php\/wp-json\/wp\/v2\/pages"}],"about":[{"href":"https:\/\/madame-davechi.com\/index.php\/wp-json\/wp\/v2\/types\/page"}],"author":[{"embeddable":true,"href":"https:\/\/madame-davechi.com\/index.php\/wp-json\/wp\/v2\/users\/1"}],"replies":[{"embeddable":true,"href":"https:\/\/madame-davechi.com\/index.php\/wp-json\/wp\/v2\/comments?post=122"}],"version-history":[{"count":7,"href":"https:\/\/madame-davechi.com\/index.php\/wp-json\/wp\/v2\/pages\/122\/revisions"}],"predecessor-version":[{"id":161,"href":"https:\/\/madame-davechi.com\/index.php\/wp-json\/wp\/v2\/pages\/122\/revisions\/161"}],"wp:attachment":[{"href":"https:\/\/madame-davechi.com\/index.php\/wp-json\/wp\/v2\/media?parent=122"}],"curies":[{"name":"wp","href":"https:\/\/api.w.org\/{rel}","templated":true}]}}