{"id":162,"date":"2025-12-17T20:36:10","date_gmt":"2025-12-17T19:36:10","guid":{"rendered":"https:\/\/madame-davechi.com\/?page_id=162"},"modified":"2025-12-19T15:09:51","modified_gmt":"2025-12-19T14:09:51","slug":"mariee-creation-sur-mesure","status":"publish","type":"page","link":"https:\/\/madame-davechi.com\/index.php\/mariee-creation-sur-mesure\/","title":{"rendered":"Mari\u00e9e \u2014 Cr\u00e9ation sur mesure"},"content":{"rendered":"\t\t<div data-elementor-type=\"wp-page\" data-elementor-id=\"162\" class=\"elementor elementor-162\">\n\t\t\t\t<div class=\"elementor-element elementor-element-59cf57e e-flex e-con-boxed e-con e-parent\" data-id=\"59cf57e\" data-element_type=\"container\">\n\t\t\t\t\t<div class=\"e-con-inner\">\n\t\t\t\t<div class=\"elementor-element elementor-element-9b909ac elementor-widget elementor-widget-heading\" data-id=\"9b909ac\" data-element_type=\"widget\" data-widget_type=\"heading.default\">\n\t\t\t\t<div class=\"elementor-widget-container\">\n\t\t\t\t\t<h1 class=\"elementor-heading-title elementor-size-default\">Mari\u00e9e<\/h1>\t\t\t\t<\/div>\n\t\t\t\t<\/div>\n\t\t\t\t\t<\/div>\n\t\t\t\t<\/div>\n\t\t<div class=\"elementor-element elementor-element-5ea488f e-flex e-con-boxed e-con e-parent\" data-id=\"5ea488f\" data-element_type=\"container\">\n\t\t\t\t\t<div class=\"e-con-inner\">\n\t\t\t\t<div class=\"elementor-element elementor-element-1a89af9 elementor-widget elementor-widget-text-editor\" data-id=\"1a89af9\" data-element_type=\"widget\" data-widget_type=\"text-editor.default\">\n\t\t\t\t<div class=\"elementor-widget-container\">\n\t\t\t\t\t\t\t\t\t<p>Chaque robe est pens\u00e9e comme une pi\u00e8ce unique, en dialogue avec le corps, l\u2019histoire et le moment v\u00e9cu.<\/p><p><span style=\"font-style: inherit; text-align: var(--text-align); -webkit-text-size-adjust: 100%;\">Je cr\u00e9e des robes de mari\u00e9e sur mesure, du dessin \u00e0 la couture, en accordant une attention particuli\u00e8re \u00e0 la coupe, aux mati\u00e8res et au travail de la main.<\/span><\/p>\t\t\t\t\t\t\t\t<\/div>\n\t\t\t\t<\/div>\n\t\t\t\t\t<\/div>\n\t\t\t\t<\/div>\n\t\t<div class=\"elementor-element elementor-element-d55cf8b e-flex e-con-boxed e-con e-parent\" data-id=\"d55cf8b\" data-element_type=\"container\">\n\t\t\t\t\t<div class=\"e-con-inner\">\n\t\t<div class=\"elementor-element elementor-element-27fab8d e-con-full e-flex e-con e-child\" data-id=\"27fab8d\" data-element_type=\"container\">\n\t\t\t\t<div class=\"elementor-element elementor-element-009b050 elementor-widget elementor-widget-image\" data-id=\"009b050\" data-element_type=\"widget\" data-widget_type=\"image.default\">\n\t\t\t\t<div class=\"elementor-widget-container\">\n\t\t\t\t\t\t\t\t\t\t\t\t\t\t\t<img fetchpriority=\"high\" decoding=\"async\" width=\"791\" height=\"1024\" src=\"https:\/\/madame-davechi.com\/wp-content\/uploads\/2025\/12\/IMG_6954-791x1024.jpeg\" class=\"attachment-large size-large wp-image-172\" alt=\"\" srcset=\"https:\/\/madame-davechi.com\/wp-content\/uploads\/2025\/12\/IMG_6954-791x1024.jpeg 791w, https:\/\/madame-davechi.com\/wp-content\/uploads\/2025\/12\/IMG_6954-232x300.jpeg 232w, https:\/\/madame-davechi.com\/wp-content\/uploads\/2025\/12\/IMG_6954-768x994.jpeg 768w, https:\/\/madame-davechi.com\/wp-content\/uploads\/2025\/12\/IMG_6954.jpeg 851w\" sizes=\"(max-width: 791px) 100vw, 791px\" \/>\t\t\t\t\t\t\t\t\t\t\t\t\t\t\t<\/div>\n\t\t\t\t<\/div>\n\t\t\t\t<\/div>\n\t\t<div class=\"elementor-element elementor-element-7b72269 e-con-full e-flex e-con e-child\" data-id=\"7b72269\" data-element_type=\"container\">\n\t\t\t\t<div class=\"elementor-element elementor-element-c0a02ce elementor-widget__width-initial elementor-widget elementor-widget-image\" data-id=\"c0a02ce\" data-element_type=\"widget\" data-widget_type=\"image.default\">\n\t\t\t\t<div class=\"elementor-widget-container\">\n\t\t\t\t\t\t\t\t\t\t\t\t\t\t\t<img decoding=\"async\" width=\"825\" height=\"1024\" src=\"https:\/\/madame-davechi.com\/wp-content\/uploads\/2025\/12\/IMG_6937-825x1024.jpeg\" class=\"attachment-large size-large wp-image-166\" alt=\"\" srcset=\"https:\/\/madame-davechi.com\/wp-content\/uploads\/2025\/12\/IMG_6937-825x1024.jpeg 825w, https:\/\/madame-davechi.com\/wp-content\/uploads\/2025\/12\/IMG_6937-242x300.jpeg 242w, https:\/\/madame-davechi.com\/wp-content\/uploads\/2025\/12\/IMG_6937-768x953.jpeg 768w, https:\/\/madame-davechi.com\/wp-content\/uploads\/2025\/12\/IMG_6937.jpeg 1170w\" sizes=\"(max-width: 825px) 100vw, 825px\" \/>\t\t\t\t\t\t\t\t\t\t\t\t\t\t\t<\/div>\n\t\t\t\t<\/div>\n\t\t\t\t<\/div>\n\t\t\t\t\t<\/div>\n\t\t\t\t<\/div>\n\t\t<div class=\"elementor-element elementor-element-2b97569 e-flex e-con-boxed e-con e-parent\" data-id=\"2b97569\" data-element_type=\"container\">\n\t\t\t\t\t<div class=\"e-con-inner\">\n\t\t<div class=\"elementor-element elementor-element-9222657 e-con-full e-flex e-con e-child\" data-id=\"9222657\" data-element_type=\"container\">\n\t\t\t\t<div class=\"elementor-element elementor-element-81f836a elementor-widget elementor-widget-image\" data-id=\"81f836a\" data-element_type=\"widget\" data-widget_type=\"image.default\">\n\t\t\t\t<div class=\"elementor-widget-container\">\n\t\t\t\t\t\t\t\t\t\t\t\t\t\t\t<img decoding=\"async\" width=\"576\" height=\"1024\" src=\"https:\/\/madame-davechi.com\/wp-content\/uploads\/2025\/12\/IMG_6883-576x1024.jpeg\" class=\"attachment-large size-large wp-image-185\" alt=\"\" srcset=\"https:\/\/madame-davechi.com\/wp-content\/uploads\/2025\/12\/IMG_6883-576x1024.jpeg 576w, https:\/\/madame-davechi.com\/wp-content\/uploads\/2025\/12\/IMG_6883-169x300.jpeg 169w, https:\/\/madame-davechi.com\/wp-content\/uploads\/2025\/12\/IMG_6883-768x1365.jpeg 768w, https:\/\/madame-davechi.com\/wp-content\/uploads\/2025\/12\/IMG_6883-864x1536.jpeg 864w, https:\/\/madame-davechi.com\/wp-content\/uploads\/2025\/12\/IMG_6883-1152x2048.jpeg 1152w, https:\/\/madame-davechi.com\/wp-content\/uploads\/2025\/12\/IMG_6883-scaled.jpeg 1440w\" sizes=\"(max-width: 576px) 100vw, 576px\" \/>\t\t\t\t\t\t\t\t\t\t\t\t\t\t\t<\/div>\n\t\t\t\t<\/div>\n\t\t\t\t<\/div>\n\t\t<div class=\"elementor-element elementor-element-33395fb e-con-full e-flex e-con e-child\" data-id=\"33395fb\" data-element_type=\"container\">\n\t\t\t\t<div class=\"elementor-element elementor-element-77bc15d elementor-widget elementor-widget-image\" data-id=\"77bc15d\" data-element_type=\"widget\" data-widget_type=\"image.default\">\n\t\t\t\t<div class=\"elementor-widget-container\">\n\t\t\t\t\t\t\t\t\t\t\t\t\t\t\t<img loading=\"lazy\" decoding=\"async\" width=\"1024\" height=\"1022\" src=\"https:\/\/madame-davechi.com\/wp-content\/uploads\/2025\/12\/IMG_6934-1-1024x1022.jpeg\" class=\"attachment-large size-large wp-image-186\" alt=\"\" srcset=\"https:\/\/madame-davechi.com\/wp-content\/uploads\/2025\/12\/IMG_6934-1-1024x1022.jpeg 1024w, https:\/\/madame-davechi.com\/wp-content\/uploads\/2025\/12\/IMG_6934-1-300x300.jpeg 300w, https:\/\/madame-davechi.com\/wp-content\/uploads\/2025\/12\/IMG_6934-1-150x150.jpeg 150w, https:\/\/madame-davechi.com\/wp-content\/uploads\/2025\/12\/IMG_6934-1-768x767.jpeg 768w, https:\/\/madame-davechi.com\/wp-content\/uploads\/2025\/12\/IMG_6934-1.jpeg 1170w\" sizes=\"(max-width: 1024px) 100vw, 1024px\" \/>\t\t\t\t\t\t\t\t\t\t\t\t\t\t\t<\/div>\n\t\t\t\t<\/div>\n\t\t\t\t<\/div>\n\t\t\t\t<div class=\"elementor-element elementor-element-603aa08 elementor-widget elementor-widget-image\" data-id=\"603aa08\" data-element_type=\"widget\" data-widget_type=\"image.default\">\n\t\t\t\t<div class=\"elementor-widget-container\">\n\t\t\t\t\t\t\t\t\t\t\t\t\t\t\t<img loading=\"lazy\" decoding=\"async\" width=\"590\" height=\"1024\" src=\"https:\/\/madame-davechi.com\/wp-content\/uploads\/2025\/12\/IMG_7045-590x1024.jpeg\" class=\"attachment-large size-large wp-image-182\" alt=\"\" srcset=\"https:\/\/madame-davechi.com\/wp-content\/uploads\/2025\/12\/IMG_7045-590x1024.jpeg 590w, https:\/\/madame-davechi.com\/wp-content\/uploads\/2025\/12\/IMG_7045-173x300.jpeg 173w, https:\/\/madame-davechi.com\/wp-content\/uploads\/2025\/12\/IMG_7045-768x1333.jpeg 768w, https:\/\/madame-davechi.com\/wp-content\/uploads\/2025\/12\/IMG_7045-885x1536.jpeg 885w, https:\/\/madame-davechi.com\/wp-content\/uploads\/2025\/12\/IMG_7045.jpeg 956w\" sizes=\"(max-width: 590px) 100vw, 590px\" \/>\t\t\t\t\t\t\t\t\t\t\t\t\t\t\t<\/div>\n\t\t\t\t<\/div>\n\t\t\t\t\t<\/div>\n\t\t\t\t<\/div>\n\t\t<div class=\"elementor-element elementor-element-c16e8ca e-flex e-con-boxed e-con e-parent\" data-id=\"c16e8ca\" data-element_type=\"container\">\n\t\t\t\t\t<div class=\"e-con-inner\">\n\t\t\t\t<div class=\"elementor-element elementor-element-e55083f elementor-widget elementor-widget-heading\" data-id=\"e55083f\" data-element_type=\"widget\" data-widget_type=\"heading.default\">\n\t\t\t\t<div class=\"elementor-widget-container\">\n\t\t\t\t\t<h2 class=\"elementor-heading-title elementor-size-default\">Accessoires &amp; d\u00e9tails \u2014 cr\u00e9ation artisanale<\/h2>\t\t\t\t<\/div>\n\t\t\t\t<\/div>\n\t\t\t\t\t<\/div>\n\t\t\t\t<\/div>\n\t\t<div class=\"elementor-element elementor-element-65226d9 e-flex e-con-boxed e-con e-parent\" data-id=\"65226d9\" data-element_type=\"container\">\n\t\t\t\t\t<div class=\"e-con-inner\">\n\t\t<div class=\"elementor-element elementor-element-9ba700e e-con-full e-flex e-con e-child\" data-id=\"9ba700e\" data-element_type=\"container\">\n\t\t\t\t<div class=\"elementor-element elementor-element-bfa9240 elementor-widget elementor-widget-image\" data-id=\"bfa9240\" data-element_type=\"widget\" data-widget_type=\"image.default\">\n\t\t\t\t<div class=\"elementor-widget-container\">\n\t\t\t\t\t\t\t\t\t\t\t\t\t\t\t<img loading=\"lazy\" decoding=\"async\" width=\"784\" height=\"1024\" src=\"https:\/\/madame-davechi.com\/wp-content\/uploads\/2025\/12\/IMG_6939-1-784x1024.jpeg\" class=\"attachment-large size-large wp-image-177\" alt=\"\" srcset=\"https:\/\/madame-davechi.com\/wp-content\/uploads\/2025\/12\/IMG_6939-1-784x1024.jpeg 784w, https:\/\/madame-davechi.com\/wp-content\/uploads\/2025\/12\/IMG_6939-1-230x300.jpeg 230w, https:\/\/madame-davechi.com\/wp-content\/uploads\/2025\/12\/IMG_6939-1-768x1004.jpeg 768w, https:\/\/madame-davechi.com\/wp-content\/uploads\/2025\/12\/IMG_6939-1.jpeg 1170w\" sizes=\"(max-width: 784px) 100vw, 784px\" \/>\t\t\t\t\t\t\t\t\t\t\t\t\t\t\t<\/div>\n\t\t\t\t<\/div>\n\t\t\t\t<\/div>\n\t\t<div class=\"elementor-element elementor-element-4401500 e-con-full e-flex e-con e-child\" data-id=\"4401500\" data-element_type=\"container\">\n\t\t\t\t<div class=\"elementor-element elementor-element-368e1e7 elementor-widget elementor-widget-image\" data-id=\"368e1e7\" data-element_type=\"widget\" data-widget_type=\"image.default\">\n\t\t\t\t<div class=\"elementor-widget-container\">\n\t\t\t\t\t\t\t\t\t\t\t\t\t\t\t<img loading=\"lazy\" decoding=\"async\" width=\"808\" height=\"1024\" src=\"https:\/\/madame-davechi.com\/wp-content\/uploads\/2025\/12\/IMG_6940-2-808x1024.jpeg\" class=\"attachment-large size-large wp-image-179\" alt=\"\" srcset=\"https:\/\/madame-davechi.com\/wp-content\/uploads\/2025\/12\/IMG_6940-2-808x1024.jpeg 808w, https:\/\/madame-davechi.com\/wp-content\/uploads\/2025\/12\/IMG_6940-2-237x300.jpeg 237w, https:\/\/madame-davechi.com\/wp-content\/uploads\/2025\/12\/IMG_6940-2-768x974.jpeg 768w, https:\/\/madame-davechi.com\/wp-content\/uploads\/2025\/12\/IMG_6940-2.jpeg 1157w\" sizes=\"(max-width: 808px) 100vw, 808px\" \/>\t\t\t\t\t\t\t\t\t\t\t\t\t\t\t<\/div>\n\t\t\t\t<\/div>\n\t\t\t\t<\/div>\n\t\t\t\t\t<\/div>\n\t\t\t\t<\/div>\n\t\t<div class=\"elementor-element elementor-element-fd5c082 e-grid e-con-boxed e-con e-parent\" data-id=\"fd5c082\" data-element_type=\"container\">\n\t\t\t\t\t<div class=\"e-con-inner\">\n\t\t\t\t<div class=\"elementor-element elementor-element-54ca527 elementor-widget elementor-widget-image\" data-id=\"54ca527\" data-element_type=\"widget\" data-widget_type=\"image.default\">\n\t\t\t\t<div class=\"elementor-widget-container\">\n\t\t\t\t\t\t\t\t\t\t\t\t\t\t\t<img loading=\"lazy\" decoding=\"async\" width=\"672\" height=\"1024\" src=\"https:\/\/madame-davechi.com\/wp-content\/uploads\/2025\/12\/IMG_2874-672x1024.jpeg\" class=\"attachment-large size-large wp-image-195\" alt=\"\" srcset=\"https:\/\/madame-davechi.com\/wp-content\/uploads\/2025\/12\/IMG_2874-672x1024.jpeg 672w, https:\/\/madame-davechi.com\/wp-content\/uploads\/2025\/12\/IMG_2874-197x300.jpeg 197w, https:\/\/madame-davechi.com\/wp-content\/uploads\/2025\/12\/IMG_2874.jpeg 757w\" sizes=\"(max-width: 672px) 100vw, 672px\" \/>\t\t\t\t\t\t\t\t\t\t\t\t\t\t\t<\/div>\n\t\t\t\t<\/div>\n\t\t\t\t<div class=\"elementor-element elementor-element-e155f0a elementor-widget elementor-widget-image\" data-id=\"e155f0a\" data-element_type=\"widget\" data-widget_type=\"image.default\">\n\t\t\t\t<div class=\"elementor-widget-container\">\n\t\t\t\t\t\t\t\t\t\t\t\t\t\t\t<img loading=\"lazy\" decoding=\"async\" width=\"499\" height=\"1024\" src=\"https:\/\/madame-davechi.com\/wp-content\/uploads\/2025\/12\/IMG_6938-1-499x1024.jpeg\" class=\"attachment-large size-large wp-image-196\" alt=\"\" srcset=\"https:\/\/madame-davechi.com\/wp-content\/uploads\/2025\/12\/IMG_6938-1-499x1024.jpeg 499w, https:\/\/madame-davechi.com\/wp-content\/uploads\/2025\/12\/IMG_6938-1-146x300.jpeg 146w, https:\/\/madame-davechi.com\/wp-content\/uploads\/2025\/12\/IMG_6938-1.jpeg 705w\" sizes=\"(max-width: 499px) 100vw, 499px\" \/>\t\t\t\t\t\t\t\t\t\t\t\t\t\t\t<\/div>\n\t\t\t\t<\/div>\n\t\t\t\t\t<\/div>\n\t\t\t\t<\/div>\n\t\t<div class=\"elementor-element elementor-element-edee770 e-flex e-con-boxed e-con e-parent\" data-id=\"edee770\" data-element_type=\"container\">\n\t\t\t\t\t<div class=\"e-con-inner\">\n\t\t\t\t<div class=\"elementor-element elementor-element-7157b83 elementor-widget elementor-widget-heading\" data-id=\"7157b83\" data-element_type=\"widget\" data-widget_type=\"heading.default\">\n\t\t\t\t<div class=\"elementor-widget-container\">\n\t\t\t\t\t<h2 class=\"elementor-heading-title elementor-size-default\">\u00c9tapes de cr\u00e9ation et d\u2019ajustement final d\u2019une robe de mari\u00e9e sur mesure, r\u00e9alis\u00e9es \u00e0 la main \u00e0 l\u2019atelier.<\/h2>\t\t\t\t<\/div>\n\t\t\t\t<\/div>\n\t\t\t\t\t<\/div>\n\t\t\t\t<\/div>\n\t\t\t\t<\/div>\n\t\t","protected":false},"excerpt":{"rendered":"<p>Mari\u00e9e Chaque robe est pens\u00e9e comme une pi\u00e8ce unique, en dialogue avec le corps, l\u2019histoire et le moment v\u00e9cu. Je [&hellip;]<\/p>\n","protected":false},"author":1,"featured_media":0,"parent":0,"menu_order":0,"comment_status":"closed","ping_status":"closed","template":"","meta":{"site-sidebar-layout":"no-sidebar","site-content-layout":"","ast-site-content-layout":"full-width-container","site-content-style":"default","site-sidebar-style":"default","ast-global-header-display":"","ast-banner-title-visibility":"","ast-main-header-display":"","ast-hfb-above-header-display":"","ast-hfb-below-header-display":"","ast-hfb-mobile-header-display":"","site-post-title":"","ast-breadcrumbs-content":"","ast-featured-img":"disabled","footer-sml-layout":"","theme-transparent-header-meta":"","adv-header-id-meta":"","stick-header-meta":"","header-above-stick-meta":"","header-main-stick-meta":"","header-below-stick-meta":"","astra-migrate-meta-layouts":"default","ast-page-background-enabled":"default","ast-page-background-meta":{"desktop":{"background-color":"var(--ast-global-color-5)","background-image":"","background-repeat":"repeat","background-position":"center center","background-size":"auto","background-attachment":"scroll","background-type":"","background-media":"","overlay-type":"","overlay-color":"","overlay-opacity":"","overlay-gradient":""},"tablet":{"background-color":"","background-image":"","background-repeat":"repeat","background-position":"center center","background-size":"auto","background-attachment":"scroll","background-type":"","background-media":"","overlay-type":"","overlay-color":"","overlay-opacity":"","overlay-gradient":""},"mobile":{"background-color":"","background-image":"","background-repeat":"repeat","background-position":"center center","background-size":"auto","background-attachment":"scroll","background-type":"","background-media":"","overlay-type":"","overlay-color":"","overlay-opacity":"","overlay-gradient":""}},"ast-content-background-meta":{"desktop":{"background-color":"var(--ast-global-color-4)","background-image":"","background-repeat":"repeat","background-position":"center center","background-size":"auto","background-attachment":"scroll","background-type":"","background-media":"","overlay-type":"","overlay-color":"","overlay-opacity":"","overlay-gradient":""},"tablet":{"background-color":"var(--ast-global-color-4)","background-image":"","background-repeat":"repeat","background-position":"center center","background-size":"auto","background-attachment":"scroll","background-type":"","background-media":"","overlay-type":"","overlay-color":"","overlay-opacity":"","overlay-gradient":""},"mobile":{"background-color":"var(--ast-global-color-4)","background-image":"","background-repeat":"repeat","background-position":"center center","background-size":"auto","background-attachment":"scroll","background-type":"","background-media":"","overlay-type":"","overlay-color":"","overlay-opacity":"","overlay-gradient":""}},"footnotes":""},"class_list":["post-162","page","type-page","status-publish","hentry"],"_links":{"self":[{"href":"https:\/\/madame-davechi.com\/index.php\/wp-json\/wp\/v2\/pages\/162","targetHints":{"allow":["GET"]}}],"collection":[{"href":"https:\/\/madame-davechi.com\/index.php\/wp-json\/wp\/v2\/pages"}],"about":[{"href":"https:\/\/madame-davechi.com\/index.php\/wp-json\/wp\/v2\/types\/page"}],"author":[{"embeddable":true,"href":"https:\/\/madame-davechi.com\/index.php\/wp-json\/wp\/v2\/users\/1"}],"replies":[{"embeddable":true,"href":"https:\/\/madame-davechi.com\/index.php\/wp-json\/wp\/v2\/comments?post=162"}],"version-history":[{"count":10,"href":"https:\/\/madame-davechi.com\/index.php\/wp-json\/wp\/v2\/pages\/162\/revisions"}],"predecessor-version":[{"id":202,"href":"https:\/\/madame-davechi.com\/index.php\/wp-json\/wp\/v2\/pages\/162\/revisions\/202"}],"wp:attachment":[{"href":"https:\/\/madame-davechi.com\/index.php\/wp-json\/wp\/v2\/media?parent=162"}],"curies":[{"name":"wp","href":"https:\/\/api.w.org\/{rel}","templated":true}]}}