{"id":207,"date":"2025-12-19T15:29:40","date_gmt":"2025-12-19T14:29:40","guid":{"rendered":"https:\/\/madame-davechi.com\/?page_id=207"},"modified":"2025-12-19T16:29:24","modified_gmt":"2025-12-19T15:29:24","slug":"oeuvres-artistiques-pieces-textiles","status":"publish","type":"page","link":"https:\/\/madame-davechi.com\/index.php\/oeuvres-artistiques-pieces-textiles\/","title":{"rendered":"\u0152uvres artistiques"},"content":{"rendered":"\t\t<div data-elementor-type=\"wp-page\" data-elementor-id=\"207\" class=\"elementor elementor-207\">\n\t\t\t\t<div class=\"elementor-element elementor-element-050b2ca e-flex e-con-boxed e-con e-parent\" data-id=\"050b2ca\" data-element_type=\"container\">\n\t\t\t\t\t<div class=\"e-con-inner\">\n\t\t\t\t<div class=\"elementor-element elementor-element-da50313 elementor-widget elementor-widget-text-editor\" data-id=\"da50313\" data-element_type=\"widget\" data-widget_type=\"text-editor.default\">\n\t\t\t\t<div class=\"elementor-widget-container\">\n\t\t\t\t\t\t\t\t\t<p>Cette page pr\u00e9sente une s\u00e9lection d\u2019\u0153uvres artistiques, de pi\u00e8ces textiles et de cr\u00e9ations r\u00e9alis\u00e9es \u00e0 la main.\u00a0<\/p><p>Ces travaux s\u2019inscrivent dans une d\u00e9marche sensible et personnelle, o\u00f9 la mati\u00e8re, le geste et le temps occupent une place centrale.<\/p>\t\t\t\t\t\t\t\t<\/div>\n\t\t\t\t<\/div>\n\t\t\t\t\t<\/div>\n\t\t\t\t<\/div>\n\t\t<div class=\"elementor-element elementor-element-9128345 e-flex e-con-boxed e-con e-parent\" data-id=\"9128345\" data-element_type=\"container\">\n\t\t\t\t\t<div class=\"e-con-inner\">\n\t\t<div class=\"elementor-element elementor-element-3bacd1b e-con-full e-flex e-con e-child\" data-id=\"3bacd1b\" data-element_type=\"container\">\n\t\t\t\t<div class=\"elementor-element elementor-element-9c1cd81 elementor-widget elementor-widget-image\" data-id=\"9c1cd81\" data-element_type=\"widget\" data-widget_type=\"image.default\">\n\t\t\t\t<div class=\"elementor-widget-container\">\n\t\t\t\t\t\t\t\t\t\t\t\t\t\t\t<img fetchpriority=\"high\" decoding=\"async\" width=\"768\" height=\"1024\" src=\"https:\/\/madame-davechi.com\/wp-content\/uploads\/2025\/12\/IMG_8378-768x1024.jpeg\" class=\"attachment-large size-large wp-image-211\" alt=\"\" srcset=\"https:\/\/madame-davechi.com\/wp-content\/uploads\/2025\/12\/IMG_8378-768x1024.jpeg 768w, https:\/\/madame-davechi.com\/wp-content\/uploads\/2025\/12\/IMG_8378-225x300.jpeg 225w, https:\/\/madame-davechi.com\/wp-content\/uploads\/2025\/12\/IMG_8378-1152x1536.jpeg 1152w, https:\/\/madame-davechi.com\/wp-content\/uploads\/2025\/12\/IMG_8378-1536x2048.jpeg 1536w, https:\/\/madame-davechi.com\/wp-content\/uploads\/2025\/12\/IMG_8378-scaled.jpeg 1920w\" sizes=\"(max-width: 768px) 100vw, 768px\" \/>\t\t\t\t\t\t\t\t\t\t\t\t\t\t\t<\/div>\n\t\t\t\t<\/div>\n\t\t\t\t<\/div>\n\t\t<div class=\"elementor-element elementor-element-fcbab5a e-con-full e-flex e-con e-child\" data-id=\"fcbab5a\" data-element_type=\"container\">\n\t\t\t\t<div class=\"elementor-element elementor-element-10a2a1b elementor-widget elementor-widget-image\" data-id=\"10a2a1b\" data-element_type=\"widget\" data-widget_type=\"image.default\">\n\t\t\t\t<div class=\"elementor-widget-container\">\n\t\t\t\t\t\t\t\t\t\t\t\t\t\t\t<img decoding=\"async\" width=\"768\" height=\"1024\" src=\"https:\/\/madame-davechi.com\/wp-content\/uploads\/2025\/11\/IMG_4373-768x1024.jpeg\" class=\"attachment-large size-large wp-image-106\" alt=\"\" srcset=\"https:\/\/madame-davechi.com\/wp-content\/uploads\/2025\/11\/IMG_4373-768x1024.jpeg 768w, https:\/\/madame-davechi.com\/wp-content\/uploads\/2025\/11\/IMG_4373-225x300.jpeg 225w, https:\/\/madame-davechi.com\/wp-content\/uploads\/2025\/11\/IMG_4373-1152x1536.jpeg 1152w, https:\/\/madame-davechi.com\/wp-content\/uploads\/2025\/11\/IMG_4373-1536x2048.jpeg 1536w, https:\/\/madame-davechi.com\/wp-content\/uploads\/2025\/11\/IMG_4373-scaled.jpeg 1920w\" sizes=\"(max-width: 768px) 100vw, 768px\" \/>\t\t\t\t\t\t\t\t\t\t\t\t\t\t\t<\/div>\n\t\t\t\t<\/div>\n\t\t\t\t<\/div>\n\t\t<div class=\"elementor-element elementor-element-e1abf9a e-con-full e-flex e-con e-child\" data-id=\"e1abf9a\" data-element_type=\"container\">\n\t\t\t\t<div class=\"elementor-element elementor-element-59f1d73 elementor-widget elementor-widget-image\" data-id=\"59f1d73\" data-element_type=\"widget\" data-widget_type=\"image.default\">\n\t\t\t\t<div class=\"elementor-widget-container\">\n\t\t\t\t\t\t\t\t\t\t\t\t\t\t\t<img decoding=\"async\" width=\"768\" height=\"1024\" src=\"https:\/\/madame-davechi.com\/wp-content\/uploads\/2025\/12\/IMG_9640-768x1024.jpeg\" class=\"attachment-large size-large wp-image-212\" alt=\"\" srcset=\"https:\/\/madame-davechi.com\/wp-content\/uploads\/2025\/12\/IMG_9640-768x1024.jpeg 768w, https:\/\/madame-davechi.com\/wp-content\/uploads\/2025\/12\/IMG_9640-225x300.jpeg 225w, https:\/\/madame-davechi.com\/wp-content\/uploads\/2025\/12\/IMG_9640-1152x1536.jpeg 1152w, https:\/\/madame-davechi.com\/wp-content\/uploads\/2025\/12\/IMG_9640-1536x2048.jpeg 1536w, https:\/\/madame-davechi.com\/wp-content\/uploads\/2025\/12\/IMG_9640-scaled.jpeg 1920w\" sizes=\"(max-width: 768px) 100vw, 768px\" \/>\t\t\t\t\t\t\t\t\t\t\t\t\t\t\t<\/div>\n\t\t\t\t<\/div>\n\t\t\t\t<\/div>\n\t\t<div class=\"elementor-element elementor-element-3f2eeb1 e-con-full e-flex e-con e-child\" data-id=\"3f2eeb1\" data-element_type=\"container\">\n\t\t\t\t<div class=\"elementor-element elementor-element-b81e433 elementor-widget elementor-widget-image\" data-id=\"b81e433\" data-element_type=\"widget\" data-widget_type=\"image.default\">\n\t\t\t\t<div class=\"elementor-widget-container\">\n\t\t\t\t\t\t\t\t\t\t\t\t\t\t\t<img loading=\"lazy\" decoding=\"async\" width=\"818\" height=\"1024\" src=\"https:\/\/madame-davechi.com\/wp-content\/uploads\/2025\/11\/IMG_2614-818x1024.jpeg\" class=\"attachment-large size-large wp-image-73\" alt=\"\" srcset=\"https:\/\/madame-davechi.com\/wp-content\/uploads\/2025\/11\/IMG_2614-818x1024.jpeg 818w, https:\/\/madame-davechi.com\/wp-content\/uploads\/2025\/11\/IMG_2614-240x300.jpeg 240w, https:\/\/madame-davechi.com\/wp-content\/uploads\/2025\/11\/IMG_2614-768x961.jpeg 768w, https:\/\/madame-davechi.com\/wp-content\/uploads\/2025\/11\/IMG_2614.jpeg 1170w\" sizes=\"(max-width: 818px) 100vw, 818px\" \/>\t\t\t\t\t\t\t\t\t\t\t\t\t\t\t<\/div>\n\t\t\t\t<\/div>\n\t\t\t\t<\/div>\n\t\t\t\t\t<\/div>\n\t\t\t\t<\/div>\n\t\t<div class=\"elementor-element elementor-element-9049c33 e-flex e-con-boxed e-con e-parent\" data-id=\"9049c33\" data-element_type=\"container\">\n\t\t\t\t\t<div class=\"e-con-inner\">\n\t\t\t\t<div class=\"elementor-element elementor-element-40c797f elementor-widget elementor-widget-heading\" data-id=\"40c797f\" data-element_type=\"widget\" data-widget_type=\"heading.default\">\n\t\t\t\t<div class=\"elementor-widget-container\">\n\t\t\t\t\t<h2 class=\"elementor-heading-title elementor-size-default\">Peinture \u00e0 l,huile-pi\u00e8ce unique<\/h2>\t\t\t\t<\/div>\n\t\t\t\t<\/div>\n\t\t\t\t\t<\/div>\n\t\t\t\t<\/div>\n\t\t\t\t<\/div>\n\t\t","protected":false},"excerpt":{"rendered":"<p>Cette page pr\u00e9sente une s\u00e9lection d\u2019\u0153uvres artistiques, de pi\u00e8ces textiles et de cr\u00e9ations r\u00e9alis\u00e9es \u00e0 la main.\u00a0 Ces travaux s\u2019inscrivent [&hellip;]<\/p>\n","protected":false},"author":1,"featured_media":0,"parent":0,"menu_order":0,"comment_status":"closed","ping_status":"closed","template":"","meta":{"site-sidebar-layout":"no-sidebar","site-content-layout":"","ast-site-content-layout":"full-width-container","site-content-style":"default","site-sidebar-style":"default","ast-global-header-display":"","ast-banner-title-visibility":"","ast-main-header-display":"","ast-hfb-above-header-display":"","ast-hfb-below-header-display":"","ast-hfb-mobile-header-display":"","site-post-title":"","ast-breadcrumbs-content":"","ast-featured-img":"disabled","footer-sml-layout":"","theme-transparent-header-meta":"","adv-header-id-meta":"","stick-header-meta":"","header-above-stick-meta":"","header-main-stick-meta":"","header-below-stick-meta":"","astra-migrate-meta-layouts":"default","ast-page-background-enabled":"default","ast-page-background-meta":{"desktop":{"background-color":"var(--ast-global-color-5)","background-image":"","background-repeat":"repeat","background-position":"center center","background-size":"auto","background-attachment":"scroll","background-type":"","background-media":"","overlay-type":"","overlay-color":"","overlay-opacity":"","overlay-gradient":""},"tablet":{"background-color":"","background-image":"","background-repeat":"repeat","background-position":"center center","background-size":"auto","background-attachment":"scroll","background-type":"","background-media":"","overlay-type":"","overlay-color":"","overlay-opacity":"","overlay-gradient":""},"mobile":{"background-color":"","background-image":"","background-repeat":"repeat","background-position":"center center","background-size":"auto","background-attachment":"scroll","background-type":"","background-media":"","overlay-type":"","overlay-color":"","overlay-opacity":"","overlay-gradient":""}},"ast-content-background-meta":{"desktop":{"background-color":"var(--ast-global-color-4)","background-image":"","background-repeat":"repeat","background-position":"center center","background-size":"auto","background-attachment":"scroll","background-type":"","background-media":"","overlay-type":"","overlay-color":"","overlay-opacity":"","overlay-gradient":""},"tablet":{"background-color":"var(--ast-global-color-4)","background-image":"","background-repeat":"repeat","background-position":"center center","background-size":"auto","background-attachment":"scroll","background-type":"","background-media":"","overlay-type":"","overlay-color":"","overlay-opacity":"","overlay-gradient":""},"mobile":{"background-color":"var(--ast-global-color-4)","background-image":"","background-repeat":"repeat","background-position":"center center","background-size":"auto","background-attachment":"scroll","background-type":"","background-media":"","overlay-type":"","overlay-color":"","overlay-opacity":"","overlay-gradient":""}},"footnotes":""},"class_list":["post-207","page","type-page","status-publish","hentry"],"_links":{"self":[{"href":"https:\/\/madame-davechi.com\/index.php\/wp-json\/wp\/v2\/pages\/207","targetHints":{"allow":["GET"]}}],"collection":[{"href":"https:\/\/madame-davechi.com\/index.php\/wp-json\/wp\/v2\/pages"}],"about":[{"href":"https:\/\/madame-davechi.com\/index.php\/wp-json\/wp\/v2\/types\/page"}],"author":[{"embeddable":true,"href":"https:\/\/madame-davechi.com\/index.php\/wp-json\/wp\/v2\/users\/1"}],"replies":[{"embeddable":true,"href":"https:\/\/madame-davechi.com\/index.php\/wp-json\/wp\/v2\/comments?post=207"}],"version-history":[{"count":5,"href":"https:\/\/madame-davechi.com\/index.php\/wp-json\/wp\/v2\/pages\/207\/revisions"}],"predecessor-version":[{"id":226,"href":"https:\/\/madame-davechi.com\/index.php\/wp-json\/wp\/v2\/pages\/207\/revisions\/226"}],"wp:attachment":[{"href":"https:\/\/madame-davechi.com\/index.php\/wp-json\/wp\/v2\/media?parent=207"}],"curies":[{"name":"wp","href":"https:\/\/api.w.org\/{rel}","templated":true}]}}