{"id":227,"date":"2025-12-19T16:30:37","date_gmt":"2025-12-19T15:30:37","guid":{"rendered":"https:\/\/madame-davechi.com\/?page_id=227"},"modified":"2025-12-19T17:29:53","modified_gmt":"2025-12-19T16:29:53","slug":"contact-commandes","status":"publish","type":"page","link":"https:\/\/madame-davechi.com\/index.php\/contact-commandes\/","title":{"rendered":"contact &amp;commandes"},"content":{"rendered":"\t\t<div data-elementor-type=\"wp-page\" data-elementor-id=\"227\" class=\"elementor elementor-227\">\n\t\t\t\t<div class=\"elementor-element elementor-element-f112773 e-flex e-con-boxed e-con e-parent\" data-id=\"f112773\" data-element_type=\"container\">\n\t\t\t\t\t<div class=\"e-con-inner\">\n\t\t\t\t<div class=\"elementor-element elementor-element-c8c03ee elementor-widget elementor-widget-heading\" data-id=\"c8c03ee\" data-element_type=\"widget\" data-widget_type=\"heading.default\">\n\t\t\t\t<div class=\"elementor-widget-container\">\n\t\t\t\t\t<h2 class=\"elementor-heading-title elementor-size-default\"><span style=\"font-size: 1.875rem;font-style: inherit\">Pour toute demande de commande, collaboration ou information<\/span><br><div>(robe sur mesure, \u0153uvre artistique, peinture, pi\u00e8ce textile ou cr\u00e9ation artisanale),\nje vous invite \u00e0 me contacter par e-mail ou via Instagram.\n\nChaque projet est \u00e9tudi\u00e9 avec attention et fait l\u2019objet d\u2019un \u00e9change personnalis\u00e9.<span style=\"font-size: 1.875rem;font-style: inherit;font-weight: inherit;text-indent: -15px\"><\/span><\/div><div><p style=\"margin-bottom: 0px;margin-left: 15px;text-indent: -15px;font-style: normal;font-size: 16px;line-height: normal;min-height: 18.4px\"><span style=\"font-weight: normal\"><\/span><\/p><\/div><\/h2>\t\t\t\t<\/div>\n\t\t\t\t<\/div>\n\t\t\t\t\t<\/div>\n\t\t\t\t<\/div>\n\t\t<div class=\"elementor-element elementor-element-7bf8382 e-flex e-con-boxed e-con e-parent\" data-id=\"7bf8382\" data-element_type=\"container\">\n\t\t\t\t\t<div class=\"e-con-inner\">\n\t\t\t\t<div class=\"elementor-element elementor-element-03ac162 elementor-widget elementor-widget-heading\" data-id=\"03ac162\" data-element_type=\"widget\" data-widget_type=\"heading.default\">\n\t\t\t\t<div class=\"elementor-widget-container\">\n\t\t\t\t\t<h2 class=\"elementor-heading-title elementor-size-default\">E-mail<br><br><div><a href=\"mailto:contact@sanazdavechi.com\">mailto:contact@sanazdavechi.com<\/a><br><div><br>Instagram-couture<br><br><div><a href=\"https:\/\/www.instagram.com\/sanaz_davechi\">https:\/\/www.instagram.com\/sanaz_davechi<\/a><br><br>Instagram-peinture<\/div><\/div><br><a href=\"https:\/\/www.instagram.com\/art_love_sany\">https:\/\/www.instagram.com\/art_love_sany<\/a><br><\/div><div><br><\/div><\/h2>\t\t\t\t<\/div>\n\t\t\t\t<\/div>\n\t\t\t\t\t<\/div>\n\t\t\t\t<\/div>\n\t\t\t\t<\/div>\n\t\t","protected":false},"excerpt":{"rendered":"<p>Pour toute demande de commande, collaboration ou information(robe sur mesure, \u0153uvre artistique, peinture, pi\u00e8ce textile ou cr\u00e9ation artisanale), je vous [&hellip;]<\/p>\n","protected":false},"author":1,"featured_media":0,"parent":0,"menu_order":0,"comment_status":"closed","ping_status":"closed","template":"","meta":{"site-sidebar-layout":"no-sidebar","site-content-layout":"","ast-site-content-layout":"full-width-container","site-content-style":"default","site-sidebar-style":"default","ast-global-header-display":"","ast-banner-title-visibility":"","ast-main-header-display":"","ast-hfb-above-header-display":"","ast-hfb-below-header-display":"","ast-hfb-mobile-header-display":"","site-post-title":"","ast-breadcrumbs-content":"","ast-featured-img":"disabled","footer-sml-layout":"","theme-transparent-header-meta":"","adv-header-id-meta":"","stick-header-meta":"","header-above-stick-meta":"","header-main-stick-meta":"","header-below-stick-meta":"","astra-migrate-meta-layouts":"default","ast-page-background-enabled":"default","ast-page-background-meta":{"desktop":{"background-color":"var(--ast-global-color-5)","background-image":"","background-repeat":"repeat","background-position":"center center","background-size":"auto","background-attachment":"scroll","background-type":"","background-media":"","overlay-type":"","overlay-color":"","overlay-opacity":"","overlay-gradient":""},"tablet":{"background-color":"","background-image":"","background-repeat":"repeat","background-position":"center center","background-size":"auto","background-attachment":"scroll","background-type":"","background-media":"","overlay-type":"","overlay-color":"","overlay-opacity":"","overlay-gradient":""},"mobile":{"background-color":"","background-image":"","background-repeat":"repeat","background-position":"center center","background-size":"auto","background-attachment":"scroll","background-type":"","background-media":"","overlay-type":"","overlay-color":"","overlay-opacity":"","overlay-gradient":""}},"ast-content-background-meta":{"desktop":{"background-color":"var(--ast-global-color-4)","background-image":"","background-repeat":"repeat","background-position":"center center","background-size":"auto","background-attachment":"scroll","background-type":"","background-media":"","overlay-type":"","overlay-color":"","overlay-opacity":"","overlay-gradient":""},"tablet":{"background-color":"var(--ast-global-color-4)","background-image":"","background-repeat":"repeat","background-position":"center center","background-size":"auto","background-attachment":"scroll","background-type":"","background-media":"","overlay-type":"","overlay-color":"","overlay-opacity":"","overlay-gradient":""},"mobile":{"background-color":"var(--ast-global-color-4)","background-image":"","background-repeat":"repeat","background-position":"center center","background-size":"auto","background-attachment":"scroll","background-type":"","background-media":"","overlay-type":"","overlay-color":"","overlay-opacity":"","overlay-gradient":""}},"footnotes":""},"class_list":["post-227","page","type-page","status-publish","hentry"],"_links":{"self":[{"href":"https:\/\/madame-davechi.com\/index.php\/wp-json\/wp\/v2\/pages\/227","targetHints":{"allow":["GET"]}}],"collection":[{"href":"https:\/\/madame-davechi.com\/index.php\/wp-json\/wp\/v2\/pages"}],"about":[{"href":"https:\/\/madame-davechi.com\/index.php\/wp-json\/wp\/v2\/types\/page"}],"author":[{"embeddable":true,"href":"https:\/\/madame-davechi.com\/index.php\/wp-json\/wp\/v2\/users\/1"}],"replies":[{"embeddable":true,"href":"https:\/\/madame-davechi.com\/index.php\/wp-json\/wp\/v2\/comments?post=227"}],"version-history":[{"count":29,"href":"https:\/\/madame-davechi.com\/index.php\/wp-json\/wp\/v2\/pages\/227\/revisions"}],"predecessor-version":[{"id":259,"href":"https:\/\/madame-davechi.com\/index.php\/wp-json\/wp\/v2\/pages\/227\/revisions\/259"}],"wp:attachment":[{"href":"https:\/\/madame-davechi.com\/index.php\/wp-json\/wp\/v2\/media?parent=227"}],"curies":[{"name":"wp","href":"https:\/\/api.w.org\/{rel}","templated":true}]}}