{"id":289,"date":"2026-04-04T17:33:54","date_gmt":"2026-04-04T15:33:54","guid":{"rendered":"https:\/\/madame-davechi.com\/?page_id=289"},"modified":"2026-04-04T18:06:46","modified_gmt":"2026-04-04T16:06:46","slug":"chemisiers-cree-sur-commande","status":"publish","type":"page","link":"https:\/\/madame-davechi.com\/index.php\/chemisiers-cree-sur-commande\/","title":{"rendered":"Chemisiers cr\u00e9e sur commande"},"content":{"rendered":"\t\t<div data-elementor-type=\"wp-page\" data-elementor-id=\"289\" class=\"elementor elementor-289\">\n\t\t\t\t<div class=\"elementor-element elementor-element-03bfddf e-flex e-con-boxed e-con e-parent\" data-id=\"03bfddf\" data-element_type=\"container\">\n\t\t\t\t\t<div class=\"e-con-inner\">\n\t\t\t\t\t<\/div>\n\t\t\t\t<\/div>\n\t\t<div class=\"elementor-element elementor-element-1efb239 e-flex e-con-boxed e-con e-parent\" data-id=\"1efb239\" data-element_type=\"container\">\n\t\t\t\t\t<div class=\"e-con-inner\">\n\t\t\t\t<div class=\"elementor-element elementor-element-f9cea86 elementor-widget elementor-widget-heading\" data-id=\"f9cea86\" data-element_type=\"widget\" data-widget_type=\"heading.default\">\n\t\t\t\t<div class=\"elementor-widget-container\">\n\t\t\t\t\t<h2 class=\"elementor-heading-title elementor-size-default\"><p style=\"margin-bottom: 12px;font-style: normal;line-height: normal\"><span style=\"font-family: var( --e-global-typography-primary-font-family ), Sans-serif;font-size: 1.875rem;font-style: inherit;font-weight: var( --e-global-typography-primary-font-weight );text-align: var(--text-align)\">Chemisiers sur commande<\/span><span style=\"font-family: var( --e-global-typography-primary-font-family ), Sans-serif;font-size: 1.875rem;font-style: inherit;font-weight: var( --e-global-typography-primary-font-weight );text-align: var(--text-align)\"><\/span><\/p><\/h2>\t\t\t\t<\/div>\n\t\t\t\t<\/div>\n\t\t\t\t\t<\/div>\n\t\t\t\t<\/div>\n\t\t<div class=\"elementor-element elementor-element-d9e19fc e-flex e-con-boxed e-con e-parent\" data-id=\"d9e19fc\" data-element_type=\"container\">\n\t\t\t\t\t<div class=\"e-con-inner\">\n\t\t\t\t<div class=\"elementor-element elementor-element-2e4d6b9 elementor-widget__width-initial elementor-widget elementor-widget-text-editor\" data-id=\"2e4d6b9\" data-element_type=\"widget\" data-widget_type=\"text-editor.default\">\n\t\t\t\t<div class=\"elementor-widget-container\">\n\t\t\t\t\t\t\t\t\t<p>&nbsp;Des chemisiers cr\u00e9es sur commande, pens\u00e9s pour accompagner votre quotidien avec \u00e9l\u00e9gance, simplicit\u00e9 et justesse.<\/p>\n<p>Chaque pi\u00e8ce est r\u00e9alis\u00e9e avec soin, \u00e0 la main, dans mon atelier. Vous pouvez venir avec une id\u00e9e ou une inspiration.<\/p>\n<p>Nous d\u00e9finissions ensemble la forme, les d\u00e9tails et le tissu.<\/p>\n<p>Chaque pi\u00e8ce est adapt\u00e9e \u00e0 votre demande.<\/p><p>Les chemisiers sont r\u00e9alis\u00e9s \u00e0 partir de tissus recycl\u00e9s de qualit\u00e9, soigneusement s\u00e9lectionn\u00e9s.<\/p><p>Cette d\u00e9marche s\u2019inscrit dans une volont\u00e9 de cr\u00e9er autrement, en valorisant les mati\u00e8res existantes et en limitant le gaspillage.<\/p><p>Le choix du tissu se fait en \u00e9change, \u00e0 partir de propositions et de r\u00e9f\u00e9rences.<\/p><p style=\"margin-bottom: 12px; font-style: normal; font-variant-caps: normal; font-width: normal; font-size: 12px; line-height: normal; font-family: &quot;Times New Roman&quot;; font-size-adjust: none; font-kerning: auto; font-variant-alternates: normal; font-variant-ligatures: normal; font-variant-numeric: normal; font-variant-east-asian: normal; font-variant-position: normal; font-variant-emoji: normal; font-feature-settings: normal; font-optical-sizing: auto; font-variation-settings: normal; -webkit-text-stroke-width: 0px; -webkit-text-stroke-color: rgb(0, 0, 0);\"><br><\/p>\n<p style=\"margin-bottom: 12px; font-style: normal; font-variant-caps: normal; font-width: normal; font-size: 12px; line-height: normal; font-family: 'Times New Roman'; font-size-adjust: none; font-kerning: auto; font-variant-alternates: normal; font-variant-ligatures: normal; font-variant-numeric: normal; font-variant-east-asian: normal; font-variant-position: normal; font-variant-emoji: normal; font-feature-settings: normal; font-optical-sizing: auto; font-variation-settings: normal; -webkit-text-stroke-width: 0px; -webkit-text-stroke-color: #000000; min-height: 13.8px;\">\n<\/p><p style=\"margin-bottom: 12px; font-style: normal; font-variant-caps: normal; font-width: normal; font-size: 12px; line-height: normal; font-family: 'Times New Roman'; font-size-adjust: none; font-kerning: auto; font-variant-alternates: normal; font-variant-ligatures: normal; font-variant-numeric: normal; font-variant-east-asian: normal; font-variant-position: normal; font-variant-emoji: normal; font-feature-settings: normal; font-optical-sizing: auto; font-variation-settings: normal; -webkit-text-stroke-width: 0px; -webkit-text-stroke-color: #000000; min-height: 13.8px;\">\n<\/p>\t\t\t\t\t\t\t\t<\/div>\n\t\t\t\t<\/div>\n\t\t\t\t\t<\/div>\n\t\t\t\t<\/div>\n\t\t<div class=\"elementor-element elementor-element-a8d59cd e-flex e-con-boxed e-con e-parent\" data-id=\"a8d59cd\" data-element_type=\"container\">\n\t\t\t\t\t<div class=\"e-con-inner\">\n\t\t\t\t<div class=\"elementor-element elementor-element-c5eeab0 elementor-widget elementor-widget-button\" data-id=\"c5eeab0\" data-element_type=\"widget\" data-widget_type=\"button.default\">\n\t\t\t\t<div class=\"elementor-widget-container\">\n\t\t\t\t\t\t\t\t\t<div class=\"elementor-button-wrapper\">\n\t\t\t\t\t<a class=\"elementor-button elementor-button-link elementor-size-sm\" href=\"https:\/\/api.whatsapp.com\/send?phone=33751246866&#038;text=Bonjour,%20je%20souhaite%20commander%20un%20chemisier\">\n\t\t\t\t\t\t<span class=\"elementor-button-content-wrapper\">\n\t\t\t\t\t\t\t\t\t<span class=\"elementor-button-text\">Commander<\/span>\n\t\t\t\t\t<\/span>\n\t\t\t\t\t<\/a>\n\t\t\t\t<\/div>\n\t\t\t\t\t\t\t\t<\/div>\n\t\t\t\t<\/div>\n\t\t\t\t\t<\/div>\n\t\t\t\t<\/div>\n\t\t\t\t<\/div>\n\t\t","protected":false},"excerpt":{"rendered":"<p>Chemisiers sur commande &nbsp;Des chemisiers cr\u00e9es sur commande, pens\u00e9s pour accompagner votre quotidien avec \u00e9l\u00e9gance, simplicit\u00e9 et justesse. Chaque pi\u00e8ce [&hellip;]<\/p>\n","protected":false},"author":1,"featured_media":0,"parent":0,"menu_order":0,"comment_status":"closed","ping_status":"closed","template":"","meta":{"site-sidebar-layout":"no-sidebar","site-content-layout":"","ast-site-content-layout":"full-width-container","site-content-style":"default","site-sidebar-style":"default","ast-global-header-display":"","ast-banner-title-visibility":"","ast-main-header-display":"","ast-hfb-above-header-display":"","ast-hfb-below-header-display":"","ast-hfb-mobile-header-display":"","site-post-title":"","ast-breadcrumbs-content":"","ast-featured-img":"disabled","footer-sml-layout":"","theme-transparent-header-meta":"","adv-header-id-meta":"","stick-header-meta":"","header-above-stick-meta":"","header-main-stick-meta":"","header-below-stick-meta":"","astra-migrate-meta-layouts":"default","ast-page-background-enabled":"default","ast-page-background-meta":{"desktop":{"background-color":"var(--ast-global-color-5)","background-image":"","background-repeat":"repeat","background-position":"center center","background-size":"auto","background-attachment":"scroll","background-type":"","background-media":"","overlay-type":"","overlay-color":"","overlay-opacity":"","overlay-gradient":""},"tablet":{"background-color":"","background-image":"","background-repeat":"repeat","background-position":"center center","background-size":"auto","background-attachment":"scroll","background-type":"","background-media":"","overlay-type":"","overlay-color":"","overlay-opacity":"","overlay-gradient":""},"mobile":{"background-color":"","background-image":"","background-repeat":"repeat","background-position":"center center","background-size":"auto","background-attachment":"scroll","background-type":"","background-media":"","overlay-type":"","overlay-color":"","overlay-opacity":"","overlay-gradient":""}},"ast-content-background-meta":{"desktop":{"background-color":"var(--ast-global-color-4)","background-image":"","background-repeat":"repeat","background-position":"center center","background-size":"auto","background-attachment":"scroll","background-type":"","background-media":"","overlay-type":"","overlay-color":"","overlay-opacity":"","overlay-gradient":""},"tablet":{"background-color":"var(--ast-global-color-4)","background-image":"","background-repeat":"repeat","background-position":"center center","background-size":"auto","background-attachment":"scroll","background-type":"","background-media":"","overlay-type":"","overlay-color":"","overlay-opacity":"","overlay-gradient":""},"mobile":{"background-color":"var(--ast-global-color-4)","background-image":"","background-repeat":"repeat","background-position":"center center","background-size":"auto","background-attachment":"scroll","background-type":"","background-media":"","overlay-type":"","overlay-color":"","overlay-opacity":"","overlay-gradient":""}},"footnotes":""},"class_list":["post-289","page","type-page","status-publish","hentry"],"_links":{"self":[{"href":"https:\/\/madame-davechi.com\/index.php\/wp-json\/wp\/v2\/pages\/289","targetHints":{"allow":["GET"]}}],"collection":[{"href":"https:\/\/madame-davechi.com\/index.php\/wp-json\/wp\/v2\/pages"}],"about":[{"href":"https:\/\/madame-davechi.com\/index.php\/wp-json\/wp\/v2\/types\/page"}],"author":[{"embeddable":true,"href":"https:\/\/madame-davechi.com\/index.php\/wp-json\/wp\/v2\/users\/1"}],"replies":[{"embeddable":true,"href":"https:\/\/madame-davechi.com\/index.php\/wp-json\/wp\/v2\/comments?post=289"}],"version-history":[{"count":12,"href":"https:\/\/madame-davechi.com\/index.php\/wp-json\/wp\/v2\/pages\/289\/revisions"}],"predecessor-version":[{"id":302,"href":"https:\/\/madame-davechi.com\/index.php\/wp-json\/wp\/v2\/pages\/289\/revisions\/302"}],"wp:attachment":[{"href":"https:\/\/madame-davechi.com\/index.php\/wp-json\/wp\/v2\/media?parent=289"}],"curies":[{"name":"wp","href":"https:\/\/api.w.org\/{rel}","templated":true}]}}