{"id":312,"date":"2026-04-04T19:14:29","date_gmt":"2026-04-04T17:14:29","guid":{"rendered":"https:\/\/madame-davechi.com\/?page_id=312"},"modified":"2026-04-04T20:18:00","modified_gmt":"2026-04-04T18:18:00","slug":"creations-sur-mesure","status":"publish","type":"page","link":"https:\/\/madame-davechi.com\/index.php\/creations-sur-mesure\/","title":{"rendered":"cr\u00e9ations sur mesure"},"content":{"rendered":"\t\t<div data-elementor-type=\"wp-page\" data-elementor-id=\"312\" class=\"elementor elementor-312\">\n\t\t\t\t<div class=\"elementor-element elementor-element-158fc97 e-flex e-con-boxed e-con e-parent\" data-id=\"158fc97\" data-element_type=\"container\">\n\t\t\t\t\t<div class=\"e-con-inner\">\n\t\t\t\t<div class=\"elementor-element elementor-element-3f7b860 elementor-widget elementor-widget-text-editor\" data-id=\"3f7b860\" data-element_type=\"widget\" data-widget_type=\"text-editor.default\">\n\t\t\t\t<div class=\"elementor-widget-container\">\n\t\t\t\t\t\t\t\t\t<p><span style=\"font-style: inherit; font-family: var( --e-global-typography-text-font-family ), Sans-serif; text-align: var(--text-align); -webkit-text-size-adjust: 100%;\">Chaque pi\u00e8ce est cr\u00e9\u00e9e sur mesure, dans un dialogue attentif avec vous.<\/span><\/p><p>Qu&#8217;il s&#8217;agisse d&#8217;une robe de mari\u00e9e, d&#8217;une robe de soir\u00e9e ou d&#8217;un v\u00eatement du quotidien, chaque cr\u00e9ation est pens\u00e9e comme une pi\u00e8ce unique.<\/p><p>Le travail porte sur la silhouette, les volumes, la mati\u00e8re et les d\u00e9tails.<\/p><p>Les tissus sont s\u00e9lectionn\u00e9s avec exigence, avec une attention particuli\u00e8re port\u00e9e \u00e0 la qualit\u00e9 et au caract\u00e8re des mati\u00e8res.<\/p><p><span style=\"font-style: inherit; font-family: var( --e-global-typography-text-font-family ), Sans-serif; text-align: var(--text-align); -webkit-text-size-adjust: 100%;\">Chaque v\u00eatement est connu pour s&#8217;adapter \u00e0 votre corps et r\u00e9v\u00e9ler une \u00e9l\u00e9gance personnelle, avec justesse et simplicit\u00e9.<\/span>\u00a0<\/p>\t\t\t\t\t\t\t\t<\/div>\n\t\t\t\t<\/div>\n\t\t\t\t\t<\/div>\n\t\t\t\t<\/div>\n\t\t<div class=\"elementor-element elementor-element-76c5741 e-grid e-con-boxed e-con e-parent\" data-id=\"76c5741\" data-element_type=\"container\">\n\t\t\t\t\t<div class=\"e-con-inner\">\n\t\t\t\t<div class=\"elementor-element elementor-element-a374fca elementor-widget elementor-widget-image\" data-id=\"a374fca\" data-element_type=\"widget\" data-widget_type=\"image.default\">\n\t\t\t\t<div class=\"elementor-widget-container\">\n\t\t\t\t\t\t\t\t\t\t\t\t\t\t\t<img fetchpriority=\"high\" decoding=\"async\" width=\"169\" height=\"300\" src=\"https:\/\/madame-davechi.com\/wp-content\/uploads\/2026\/04\/IMG_7817-169x300.jpeg\" class=\"attachment-medium size-medium wp-image-319\" alt=\"\" srcset=\"https:\/\/madame-davechi.com\/wp-content\/uploads\/2026\/04\/IMG_7817-169x300.jpeg 169w, https:\/\/madame-davechi.com\/wp-content\/uploads\/2026\/04\/IMG_7817-576x1024.jpeg 576w, https:\/\/madame-davechi.com\/wp-content\/uploads\/2026\/04\/IMG_7817-768x1365.jpeg 768w, https:\/\/madame-davechi.com\/wp-content\/uploads\/2026\/04\/IMG_7817-864x1536.jpeg 864w, https:\/\/madame-davechi.com\/wp-content\/uploads\/2026\/04\/IMG_7817-1152x2048.jpeg 1152w, https:\/\/madame-davechi.com\/wp-content\/uploads\/2026\/04\/IMG_7817-scaled.jpeg 1440w\" sizes=\"(max-width: 169px) 100vw, 169px\" \/>\t\t\t\t\t\t\t\t\t\t\t\t\t\t\t<\/div>\n\t\t\t\t<\/div>\n\t\t\t\t<div class=\"elementor-element elementor-element-6e18610 elementor-widget elementor-widget-image\" data-id=\"6e18610\" data-element_type=\"widget\" data-widget_type=\"image.default\">\n\t\t\t\t<div class=\"elementor-widget-container\">\n\t\t\t\t\t\t\t\t\t\t\t\t\t\t\t<img decoding=\"async\" width=\"197\" height=\"300\" src=\"https:\/\/madame-davechi.com\/wp-content\/uploads\/2025\/12\/IMG_2874-197x300.jpeg\" class=\"attachment-medium size-medium wp-image-195\" alt=\"\" srcset=\"https:\/\/madame-davechi.com\/wp-content\/uploads\/2025\/12\/IMG_2874-197x300.jpeg 197w, https:\/\/madame-davechi.com\/wp-content\/uploads\/2025\/12\/IMG_2874-672x1024.jpeg 672w, https:\/\/madame-davechi.com\/wp-content\/uploads\/2025\/12\/IMG_2874.jpeg 757w\" sizes=\"(max-width: 197px) 100vw, 197px\" \/>\t\t\t\t\t\t\t\t\t\t\t\t\t\t\t<\/div>\n\t\t\t\t<\/div>\n\t\t\t\t\t<\/div>\n\t\t\t\t<\/div>\n\t\t<div class=\"elementor-element elementor-element-089666b e-flex e-con-boxed e-con e-parent\" data-id=\"089666b\" data-element_type=\"container\">\n\t\t\t\t\t<div class=\"e-con-inner\">\n\t\t\t\t<div class=\"elementor-element elementor-element-15173d8 elementor-widget elementor-widget-button\" data-id=\"15173d8\" data-element_type=\"widget\" data-widget_type=\"button.default\">\n\t\t\t\t<div class=\"elementor-widget-container\">\n\t\t\t\t\t\t\t\t\t<div class=\"elementor-button-wrapper\">\n\t\t\t\t\t<a class=\"elementor-button elementor-button-link elementor-size-sm\" href=\"https:\/\/api.whatsapp.com\/send?phone=33751246866&#038;text=Bonjour,%20je%20souhaite%20commander%20une%20cr\u00e9ation%20sur%20mesure\">\n\t\t\t\t\t\t<span class=\"elementor-button-content-wrapper\">\n\t\t\t\t\t\t\t\t\t<span class=\"elementor-button-text\">Commander<\/span>\n\t\t\t\t\t<\/span>\n\t\t\t\t\t<\/a>\n\t\t\t\t<\/div>\n\t\t\t\t\t\t\t\t<\/div>\n\t\t\t\t<\/div>\n\t\t\t\t\t<\/div>\n\t\t\t\t<\/div>\n\t\t\t\t<\/div>\n\t\t","protected":false},"excerpt":{"rendered":"<p>Chaque pi\u00e8ce est cr\u00e9\u00e9e sur mesure, dans un dialogue attentif avec vous. Qu&#8217;il s&#8217;agisse d&#8217;une robe de mari\u00e9e, d&#8217;une robe [&hellip;]<\/p>\n","protected":false},"author":1,"featured_media":0,"parent":0,"menu_order":0,"comment_status":"closed","ping_status":"closed","template":"","meta":{"site-sidebar-layout":"no-sidebar","site-content-layout":"","ast-site-content-layout":"full-width-container","site-content-style":"default","site-sidebar-style":"default","ast-global-header-display":"","ast-banner-title-visibility":"","ast-main-header-display":"","ast-hfb-above-header-display":"","ast-hfb-below-header-display":"","ast-hfb-mobile-header-display":"","site-post-title":"","ast-breadcrumbs-content":"","ast-featured-img":"disabled","footer-sml-layout":"","theme-transparent-header-meta":"","adv-header-id-meta":"","stick-header-meta":"","header-above-stick-meta":"","header-main-stick-meta":"","header-below-stick-meta":"","astra-migrate-meta-layouts":"default","ast-page-background-enabled":"default","ast-page-background-meta":{"desktop":{"background-color":"var(--ast-global-color-5)","background-image":"","background-repeat":"repeat","background-position":"center center","background-size":"auto","background-attachment":"scroll","background-type":"","background-media":"","overlay-type":"","overlay-color":"","overlay-opacity":"","overlay-gradient":""},"tablet":{"background-color":"","background-image":"","background-repeat":"repeat","background-position":"center center","background-size":"auto","background-attachment":"scroll","background-type":"","background-media":"","overlay-type":"","overlay-color":"","overlay-opacity":"","overlay-gradient":""},"mobile":{"background-color":"","background-image":"","background-repeat":"repeat","background-position":"center center","background-size":"auto","background-attachment":"scroll","background-type":"","background-media":"","overlay-type":"","overlay-color":"","overlay-opacity":"","overlay-gradient":""}},"ast-content-background-meta":{"desktop":{"background-color":"var(--ast-global-color-4)","background-image":"","background-repeat":"repeat","background-position":"center center","background-size":"auto","background-attachment":"scroll","background-type":"","background-media":"","overlay-type":"","overlay-color":"","overlay-opacity":"","overlay-gradient":""},"tablet":{"background-color":"var(--ast-global-color-4)","background-image":"","background-repeat":"repeat","background-position":"center center","background-size":"auto","background-attachment":"scroll","background-type":"","background-media":"","overlay-type":"","overlay-color":"","overlay-opacity":"","overlay-gradient":""},"mobile":{"background-color":"var(--ast-global-color-4)","background-image":"","background-repeat":"repeat","background-position":"center center","background-size":"auto","background-attachment":"scroll","background-type":"","background-media":"","overlay-type":"","overlay-color":"","overlay-opacity":"","overlay-gradient":""}},"footnotes":""},"class_list":["post-312","page","type-page","status-publish","hentry"],"_links":{"self":[{"href":"https:\/\/madame-davechi.com\/index.php\/wp-json\/wp\/v2\/pages\/312","targetHints":{"allow":["GET"]}}],"collection":[{"href":"https:\/\/madame-davechi.com\/index.php\/wp-json\/wp\/v2\/pages"}],"about":[{"href":"https:\/\/madame-davechi.com\/index.php\/wp-json\/wp\/v2\/types\/page"}],"author":[{"embeddable":true,"href":"https:\/\/madame-davechi.com\/index.php\/wp-json\/wp\/v2\/users\/1"}],"replies":[{"embeddable":true,"href":"https:\/\/madame-davechi.com\/index.php\/wp-json\/wp\/v2\/comments?post=312"}],"version-history":[{"count":16,"href":"https:\/\/madame-davechi.com\/index.php\/wp-json\/wp\/v2\/pages\/312\/revisions"}],"predecessor-version":[{"id":335,"href":"https:\/\/madame-davechi.com\/index.php\/wp-json\/wp\/v2\/pages\/312\/revisions\/335"}],"wp:attachment":[{"href":"https:\/\/madame-davechi.com\/index.php\/wp-json\/wp\/v2\/media?parent=312"}],"curies":[{"name":"wp","href":"https:\/\/api.w.org\/{rel}","templated":true}]}}