{"id":336,"date":"2026-04-04T20:37:27","date_gmt":"2026-04-04T18:37:27","guid":{"rendered":"https:\/\/madame-davechi.com\/?page_id=336"},"modified":"2026-04-04T22:04:43","modified_gmt":"2026-04-04T20:04:43","slug":"transformation-ajustement-sur-mesure","status":"publish","type":"page","link":"https:\/\/madame-davechi.com\/index.php\/transformation-ajustement-sur-mesure\/","title":{"rendered":"Modification &amp; ajustement sur mesure"},"content":{"rendered":"\t\t<div data-elementor-type=\"wp-page\" data-elementor-id=\"336\" class=\"elementor elementor-336\">\n\t\t\t\t<div class=\"elementor-element elementor-element-176ff07 e-flex e-con-boxed e-con e-parent\" data-id=\"176ff07\" data-element_type=\"container\">\n\t\t\t\t\t<div class=\"e-con-inner\">\n\t\t\t\t\t<\/div>\n\t\t\t\t<\/div>\n\t\t<div class=\"elementor-element elementor-element-8dc1de9 e-flex e-con-boxed e-con e-parent\" data-id=\"8dc1de9\" data-element_type=\"container\">\n\t\t\t\t\t<div class=\"e-con-inner\">\n\t\t\t\t<div class=\"elementor-element elementor-element-7308463 elementor-widget elementor-widget-heading\" data-id=\"7308463\" data-element_type=\"widget\" data-widget_type=\"heading.default\">\n\t\t\t\t<div class=\"elementor-widget-container\">\n\t\t\t\t\t<h2 class=\"elementor-heading-title elementor-size-default\">Reprises et modifications complexes, finition comme \u00e0 l\u2019origine<\/h2>\t\t\t\t<\/div>\n\t\t\t\t<\/div>\n\t\t\t\t\t<\/div>\n\t\t\t\t<\/div>\n\t\t<div class=\"elementor-element elementor-element-bcaafc6 e-flex e-con-boxed e-con e-parent\" data-id=\"bcaafc6\" data-element_type=\"container\">\n\t\t\t\t\t<div class=\"e-con-inner\">\n\t\t\t\t<div class=\"elementor-element elementor-element-49f8c6d elementor-widget elementor-widget-text-editor\" data-id=\"49f8c6d\" data-element_type=\"widget\" data-widget_type=\"text-editor.default\">\n\t\t\t\t<div class=\"elementor-widget-container\">\n\t\t\t\t\t\t\t\t\t<p>\u00a0<\/p><p>Ajustement de taille, modification de coupe et transformation complexes r\u00e9alis\u00e9es avec pr\u00e9cision.<\/p><p>Chaque pi\u00e8ce est retravaill\u00e9e pour retrouver son \u00e9quilibre, son tomb\u00e9 et son allure d\u2019origine.<\/p><p>\u00a0<\/p>\t\t\t\t\t\t\t\t<\/div>\n\t\t\t\t<\/div>\n\t\t\t\t\t<\/div>\n\t\t\t\t<\/div>\n\t\t<div class=\"elementor-element elementor-element-0a4a92b e-grid e-con-boxed e-con e-parent\" data-id=\"0a4a92b\" data-element_type=\"container\">\n\t\t\t\t\t<div class=\"e-con-inner\">\n\t\t\t\t<div class=\"elementor-element elementor-element-5028e73 elementor-widget elementor-widget-image\" data-id=\"5028e73\" data-element_type=\"widget\" data-widget_type=\"image.default\">\n\t\t\t\t<div class=\"elementor-widget-container\">\n\t\t\t\t\t\t\t\t\t\t\t\t\t\t\t<img fetchpriority=\"high\" decoding=\"async\" width=\"768\" height=\"1024\" src=\"https:\/\/madame-davechi.com\/wp-content\/uploads\/2026\/04\/copy_DAFE76B6-44C9-4ED0-BEF8-3557D1A96DBE-768x1024.png\" class=\"attachment-large size-large wp-image-351\" alt=\"\" srcset=\"https:\/\/madame-davechi.com\/wp-content\/uploads\/2026\/04\/copy_DAFE76B6-44C9-4ED0-BEF8-3557D1A96DBE-768x1024.png 768w, https:\/\/madame-davechi.com\/wp-content\/uploads\/2026\/04\/copy_DAFE76B6-44C9-4ED0-BEF8-3557D1A96DBE-225x300.png 225w, https:\/\/madame-davechi.com\/wp-content\/uploads\/2026\/04\/copy_DAFE76B6-44C9-4ED0-BEF8-3557D1A96DBE-1152x1536.png 1152w, https:\/\/madame-davechi.com\/wp-content\/uploads\/2026\/04\/copy_DAFE76B6-44C9-4ED0-BEF8-3557D1A96DBE-1536x2048.png 1536w, https:\/\/madame-davechi.com\/wp-content\/uploads\/2026\/04\/copy_DAFE76B6-44C9-4ED0-BEF8-3557D1A96DBE-scaled.png 1920w\" sizes=\"(max-width: 768px) 100vw, 768px\" \/>\t\t\t\t\t\t\t\t\t\t\t\t\t\t\t<\/div>\n\t\t\t\t<\/div>\n\t\t\t\t<div class=\"elementor-element elementor-element-f676422 elementor-widget elementor-widget-image\" data-id=\"f676422\" data-element_type=\"widget\" data-widget_type=\"image.default\">\n\t\t\t\t<div class=\"elementor-widget-container\">\n\t\t\t\t\t\t\t\t\t\t\t\t\t\t\t<img decoding=\"async\" width=\"949\" height=\"1024\" src=\"https:\/\/madame-davechi.com\/wp-content\/uploads\/2025\/11\/F1256B6D-107A-423C-9CAD-0B2394ACECA1-949x1024.jpeg\" class=\"attachment-large size-large wp-image-69\" alt=\"\" srcset=\"https:\/\/madame-davechi.com\/wp-content\/uploads\/2025\/11\/F1256B6D-107A-423C-9CAD-0B2394ACECA1-949x1024.jpeg 949w, https:\/\/madame-davechi.com\/wp-content\/uploads\/2025\/11\/F1256B6D-107A-423C-9CAD-0B2394ACECA1-278x300.jpeg 278w, https:\/\/madame-davechi.com\/wp-content\/uploads\/2025\/11\/F1256B6D-107A-423C-9CAD-0B2394ACECA1-768x829.jpeg 768w, https:\/\/madame-davechi.com\/wp-content\/uploads\/2025\/11\/F1256B6D-107A-423C-9CAD-0B2394ACECA1-1423x1536.jpeg 1423w, https:\/\/madame-davechi.com\/wp-content\/uploads\/2025\/11\/F1256B6D-107A-423C-9CAD-0B2394ACECA1-1897x2048.jpeg 1897w\" sizes=\"(max-width: 949px) 100vw, 949px\" \/>\t\t\t\t\t\t\t\t\t\t\t\t\t\t\t<\/div>\n\t\t\t\t<\/div>\n\t\t\t\t\t<\/div>\n\t\t\t\t<\/div>\n\t\t<div class=\"elementor-element elementor-element-d70dfb3 e-flex e-con-boxed e-con e-parent\" data-id=\"d70dfb3\" data-element_type=\"container\">\n\t\t\t\t\t<div class=\"e-con-inner\">\n\t\t\t\t<div class=\"elementor-element elementor-element-aa72fec elementor-widget elementor-widget-button\" data-id=\"aa72fec\" data-element_type=\"widget\" data-widget_type=\"button.default\">\n\t\t\t\t<div class=\"elementor-widget-container\">\n\t\t\t\t\t\t\t\t\t<div class=\"elementor-button-wrapper\">\n\t\t\t\t\t<a class=\"elementor-button elementor-button-link elementor-size-sm\" href=\"https:\/\/wa.me\/33751246866?text=Bonjour,%20je%20souhaite%20faire%20une%20modification%20de%20v\u00eatement.\">\n\t\t\t\t\t\t<span class=\"elementor-button-content-wrapper\">\n\t\t\t\t\t\t\t\t\t<span class=\"elementor-button-text\">Prendre rendez-vous <\/span>\n\t\t\t\t\t<\/span>\n\t\t\t\t\t<\/a>\n\t\t\t\t<\/div>\n\t\t\t\t\t\t\t\t<\/div>\n\t\t\t\t<\/div>\n\t\t\t\t\t<\/div>\n\t\t\t\t<\/div>\n\t\t\t\t<\/div>\n\t\t","protected":false},"excerpt":{"rendered":"<p>Reprises et modifications complexes, finition comme \u00e0 l\u2019origine \u00a0 Ajustement de taille, modification de coupe et transformation complexes r\u00e9alis\u00e9es avec [&hellip;]<\/p>\n","protected":false},"author":1,"featured_media":0,"parent":0,"menu_order":0,"comment_status":"closed","ping_status":"closed","template":"","meta":{"site-sidebar-layout":"no-sidebar","site-content-layout":"","ast-site-content-layout":"full-width-container","site-content-style":"default","site-sidebar-style":"default","ast-global-header-display":"","ast-banner-title-visibility":"","ast-main-header-display":"","ast-hfb-above-header-display":"","ast-hfb-below-header-display":"","ast-hfb-mobile-header-display":"","site-post-title":"","ast-breadcrumbs-content":"","ast-featured-img":"disabled","footer-sml-layout":"","theme-transparent-header-meta":"","adv-header-id-meta":"","stick-header-meta":"","header-above-stick-meta":"","header-main-stick-meta":"","header-below-stick-meta":"","astra-migrate-meta-layouts":"default","ast-page-background-enabled":"default","ast-page-background-meta":{"desktop":{"background-color":"var(--ast-global-color-5)","background-image":"","background-repeat":"repeat","background-position":"center center","background-size":"auto","background-attachment":"scroll","background-type":"","background-media":"","overlay-type":"","overlay-color":"","overlay-opacity":"","overlay-gradient":""},"tablet":{"background-color":"","background-image":"","background-repeat":"repeat","background-position":"center center","background-size":"auto","background-attachment":"scroll","background-type":"","background-media":"","overlay-type":"","overlay-color":"","overlay-opacity":"","overlay-gradient":""},"mobile":{"background-color":"","background-image":"","background-repeat":"repeat","background-position":"center center","background-size":"auto","background-attachment":"scroll","background-type":"","background-media":"","overlay-type":"","overlay-color":"","overlay-opacity":"","overlay-gradient":""}},"ast-content-background-meta":{"desktop":{"background-color":"var(--ast-global-color-4)","background-image":"","background-repeat":"repeat","background-position":"center center","background-size":"auto","background-attachment":"scroll","background-type":"","background-media":"","overlay-type":"","overlay-color":"","overlay-opacity":"","overlay-gradient":""},"tablet":{"background-color":"var(--ast-global-color-4)","background-image":"","background-repeat":"repeat","background-position":"center center","background-size":"auto","background-attachment":"scroll","background-type":"","background-media":"","overlay-type":"","overlay-color":"","overlay-opacity":"","overlay-gradient":""},"mobile":{"background-color":"var(--ast-global-color-4)","background-image":"","background-repeat":"repeat","background-position":"center center","background-size":"auto","background-attachment":"scroll","background-type":"","background-media":"","overlay-type":"","overlay-color":"","overlay-opacity":"","overlay-gradient":""}},"footnotes":""},"class_list":["post-336","page","type-page","status-publish","hentry"],"_links":{"self":[{"href":"https:\/\/madame-davechi.com\/index.php\/wp-json\/wp\/v2\/pages\/336","targetHints":{"allow":["GET"]}}],"collection":[{"href":"https:\/\/madame-davechi.com\/index.php\/wp-json\/wp\/v2\/pages"}],"about":[{"href":"https:\/\/madame-davechi.com\/index.php\/wp-json\/wp\/v2\/types\/page"}],"author":[{"embeddable":true,"href":"https:\/\/madame-davechi.com\/index.php\/wp-json\/wp\/v2\/users\/1"}],"replies":[{"embeddable":true,"href":"https:\/\/madame-davechi.com\/index.php\/wp-json\/wp\/v2\/comments?post=336"}],"version-history":[{"count":17,"href":"https:\/\/madame-davechi.com\/index.php\/wp-json\/wp\/v2\/pages\/336\/revisions"}],"predecessor-version":[{"id":400,"href":"https:\/\/madame-davechi.com\/index.php\/wp-json\/wp\/v2\/pages\/336\/revisions\/400"}],"wp:attachment":[{"href":"https:\/\/madame-davechi.com\/index.php\/wp-json\/wp\/v2\/media?parent=336"}],"curies":[{"name":"wp","href":"https:\/\/api.w.org\/{rel}","templated":true}]}}