{"id":50,"date":"2025-11-21T21:47:08","date_gmt":"2025-11-21T20:47:08","guid":{"rendered":"https:\/\/madame-davechi.com\/?page_id=50"},"modified":"2026-04-04T18:17:53","modified_gmt":"2026-04-04T16:17:53","slug":"accueil","status":"publish","type":"page","link":"https:\/\/madame-davechi.com\/","title":{"rendered":"Accueil"},"content":{"rendered":"\t\t<div data-elementor-type=\"wp-page\" data-elementor-id=\"50\" class=\"elementor elementor-50\">\n\t\t\t\t<div class=\"elementor-element elementor-element-221e79d e-con-full e-flex e-con e-parent\" data-id=\"221e79d\" data-element_type=\"container\" data-settings=\"{&quot;background_background&quot;:&quot;classic&quot;}\">\n\t\t\t\t<div class=\"elementor-element elementor-element-b2ee8a3 elementor-widget elementor-widget-heading\" data-id=\"b2ee8a3\" data-element_type=\"widget\" data-widget_type=\"heading.default\">\n\t\t\t\t<div class=\"elementor-widget-container\">\n\t\t\t\t\t<h2 class=\"elementor-heading-title elementor-size-default\">Sanaz Davechi<\/h2>\t\t\t\t<\/div>\n\t\t\t\t<\/div>\n\t\t\t\t<div class=\"elementor-element elementor-element-743d80d elementor-widget elementor-widget-heading\" data-id=\"743d80d\" data-element_type=\"widget\" data-widget_type=\"heading.default\">\n\t\t\t\t<div class=\"elementor-widget-container\">\n\t\t\t\t\t<h2 class=\"elementor-heading-title elementor-size-default\">Cr\u00e9atrice de mode &amp; artiste pluridisciplinaire<\/h2>\t\t\t\t<\/div>\n\t\t\t\t<\/div>\n\t\t\t\t<div class=\"elementor-element elementor-element-48978a6 elementor-widget elementor-widget-text-editor\" data-id=\"48978a6\" data-element_type=\"widget\" data-widget_type=\"text-editor.default\">\n\t\t\t\t<div class=\"elementor-widget-container\">\n\t\t\t\t\t\t\t\t\t<p>Je cr\u00e9e des v\u00eatements avec attention, avec patience, et avec respect pour la personne qui va les porter.<\/p>\n<p>Pour moi, un v\u00eatement n\u2019est pas seulement une pi\u00e8ce \u00e0 vendre.<\/p>\n<p>C\u2019est quelque chose de vivant, qui accompagne un moment, une sensation, parfois une histoire.<\/p>\n<p>Dans un monde devenu rapide et impersonnel, j\u2019ai choisi de travailler autrement.<\/p>\n<p>Prendre le temps, \u00c9couter, comprendre.<\/p>\n<p>Chaque pi\u00e8ce est r\u00e9alis\u00e9e \u00e0 la main, dans mon atelier, avec soin et exigence, mais aussi avec une v\u00e9ritable attention humaine.<\/p>\n<p>Ici,vous n\u2019\u00eates pas simplement une cliente.<\/p>\n<p>Vous \u00eates au du c\u0153ur du processus.<\/p>\n<p>Les cr\u00e9ations sont r\u00e9alis\u00e9es \u00e0 partir de tissus recycl\u00e9s de qualit\u00e9, soigneusement s\u00e9lectionn\u00e9s, dans une approche attentive et consciente.<\/p><p><br><\/p>\n<p><\/p>\n<p>Avec soin &amp; respect<\/p>\n<p>Sanaz Davechi<\/p>\t\t\t\t\t\t\t\t<\/div>\n\t\t\t\t<\/div>\n\t\t\t\t<\/div>\n\t\t<div class=\"elementor-element elementor-element-13cfba1 e-flex e-con-boxed e-con e-parent\" data-id=\"13cfba1\" data-element_type=\"container\">\n\t\t\t\t\t<div class=\"e-con-inner\">\n\t\t\t\t<div class=\"elementor-element elementor-element-5367353 elementor-widget elementor-widget-image\" data-id=\"5367353\" data-element_type=\"widget\" data-widget_type=\"image.default\">\n\t\t\t\t<div class=\"elementor-widget-container\">\n\t\t\t\t\t\t\t\t\t\t\t\t\t\t\t<img fetchpriority=\"high\" decoding=\"async\" width=\"768\" height=\"1024\" src=\"https:\/\/madame-davechi.com\/wp-content\/uploads\/2025\/11\/IMG_2627-768x1024.jpeg\" class=\"attachment-large size-large wp-image-64\" alt=\"\" srcset=\"https:\/\/madame-davechi.com\/wp-content\/uploads\/2025\/11\/IMG_2627-768x1024.jpeg 768w, https:\/\/madame-davechi.com\/wp-content\/uploads\/2025\/11\/IMG_2627-225x300.jpeg 225w, https:\/\/madame-davechi.com\/wp-content\/uploads\/2025\/11\/IMG_2627.jpeg 960w\" sizes=\"(max-width: 768px) 100vw, 768px\" \/>\t\t\t\t\t\t\t\t\t\t\t\t\t\t\t<\/div>\n\t\t\t\t<\/div>\n\t\t\t\t\t<\/div>\n\t\t\t\t<\/div>\n\t\t\t\t<\/div>\n\t\t","protected":false},"excerpt":{"rendered":"<p>Sanaz Davechi Cr\u00e9atrice de mode &amp; artiste pluridisciplinaire Je cr\u00e9e des v\u00eatements avec attention, avec patience, et avec respect pour [&hellip;]<\/p>\n","protected":false},"author":1,"featured_media":0,"parent":0,"menu_order":0,"comment_status":"closed","ping_status":"closed","template":"","meta":{"site-sidebar-layout":"no-sidebar","site-content-layout":"","ast-site-content-layout":"full-width-container","site-content-style":"default","site-sidebar-style":"default","ast-global-header-display":"","ast-banner-title-visibility":"","ast-main-header-display":"","ast-hfb-above-header-display":"","ast-hfb-below-header-display":"","ast-hfb-mobile-header-display":"","site-post-title":"","ast-breadcrumbs-content":"","ast-featured-img":"disabled","footer-sml-layout":"","theme-transparent-header-meta":"","adv-header-id-meta":"","stick-header-meta":"","header-above-stick-meta":"","header-main-stick-meta":"","header-below-stick-meta":"","astra-migrate-meta-layouts":"default","ast-page-background-enabled":"default","ast-page-background-meta":{"desktop":{"background-color":"var(--ast-global-color-5)","background-image":"","background-repeat":"repeat","background-position":"center center","background-size":"auto","background-attachment":"scroll","background-type":"","background-media":"","overlay-type":"","overlay-color":"","overlay-opacity":"","overlay-gradient":""},"tablet":{"background-color":"","background-image":"","background-repeat":"repeat","background-position":"center center","background-size":"auto","background-attachment":"scroll","background-type":"","background-media":"","overlay-type":"","overlay-color":"","overlay-opacity":"","overlay-gradient":""},"mobile":{"background-color":"","background-image":"","background-repeat":"repeat","background-position":"center center","background-size":"auto","background-attachment":"scroll","background-type":"","background-media":"","overlay-type":"","overlay-color":"","overlay-opacity":"","overlay-gradient":""}},"ast-content-background-meta":{"desktop":{"background-color":"var(--ast-global-color-4)","background-image":"","background-repeat":"repeat","background-position":"center center","background-size":"auto","background-attachment":"scroll","background-type":"","background-media":"","overlay-type":"","overlay-color":"","overlay-opacity":"","overlay-gradient":""},"tablet":{"background-color":"var(--ast-global-color-4)","background-image":"","background-repeat":"repeat","background-position":"center center","background-size":"auto","background-attachment":"scroll","background-type":"","background-media":"","overlay-type":"","overlay-color":"","overlay-opacity":"","overlay-gradient":""},"mobile":{"background-color":"var(--ast-global-color-4)","background-image":"","background-repeat":"repeat","background-position":"center center","background-size":"auto","background-attachment":"scroll","background-type":"","background-media":"","overlay-type":"","overlay-color":"","overlay-opacity":"","overlay-gradient":""}},"footnotes":""},"class_list":["post-50","page","type-page","status-publish","hentry"],"_links":{"self":[{"href":"https:\/\/madame-davechi.com\/index.php\/wp-json\/wp\/v2\/pages\/50","targetHints":{"allow":["GET"]}}],"collection":[{"href":"https:\/\/madame-davechi.com\/index.php\/wp-json\/wp\/v2\/pages"}],"about":[{"href":"https:\/\/madame-davechi.com\/index.php\/wp-json\/wp\/v2\/types\/page"}],"author":[{"embeddable":true,"href":"https:\/\/madame-davechi.com\/index.php\/wp-json\/wp\/v2\/users\/1"}],"replies":[{"embeddable":true,"href":"https:\/\/madame-davechi.com\/index.php\/wp-json\/wp\/v2\/comments?post=50"}],"version-history":[{"count":39,"href":"https:\/\/madame-davechi.com\/index.php\/wp-json\/wp\/v2\/pages\/50\/revisions"}],"predecessor-version":[{"id":311,"href":"https:\/\/madame-davechi.com\/index.php\/wp-json\/wp\/v2\/pages\/50\/revisions\/311"}],"wp:attachment":[{"href":"https:\/\/madame-davechi.com\/index.php\/wp-json\/wp\/v2\/media?parent=50"}],"curies":[{"name":"wp","href":"https:\/\/api.w.org\/{rel}","templated":true}]}}